{"id":192,"date":"2025-02-22T14:48:29","date_gmt":"2025-02-22T12:48:29","guid":{"rendered":"https:\/\/balticrest.com\/eesti\/?page_id=192"},"modified":"2025-08-25T16:42:47","modified_gmt":"2025-08-25T13:42:47","slug":"karjaar","status":"publish","type":"page","link":"https:\/\/balticrest.com\/eesti\/karjaar\/","title":{"rendered":"Karj\u00e4\u00e4r"},"content":{"rendered":"\n<p>Baltic Restaurants on suurim toitlustusteenuste osutaja Balti riikides. Teenindame igap\u00e4evaselt 110 tuhat klienti L\u00e4tis ja Eestis enam kui 420 restoranis, l\u00f5unarestoranis, kohvikus ja s\u00f6\u00f6klas ning bankettidel ja suur\u00fcritustel.&nbsp;<\/p>\n\n\n\n<p>T\u00f6\u00f6tades kaubam\u00e4rkide <a href=\"https:\/\/www.chat.restaurant\/eesti\/ee\/main\/\" target=\"_blank\" rel=\"noreferrer noopener\">Chat<\/a>, <a href=\"https:\/\/www.re-start.lv\/eesti\/ee\/main\/\" target=\"_blank\" rel=\"noreferrer noopener\">Restart<\/a>, <a href=\"https:\/\/www.daily.ee\/ee\/main\/\" target=\"_blank\" rel=\"noreferrer noopener\">Daily<\/a>, <a href=\"https:\/\/noonbox.lv\/en\/\" target=\"_blank\" rel=\"noreferrer noopener\">Noonbox<\/a>, <a href=\"https:\/\/fristar.ee\/\">Fristar<\/a>, <a href=\"https:\/\/www.takeoff.ee\/ee\/main\/\" target=\"_blank\" rel=\"noreferrer noopener\">Take Off<\/a> ja <a href=\"https:\/\/www.balticrest.com\/eesti\/ee\/about-us\/subway\/\" target=\"_blank\" rel=\"noreferrer noopener\">Subway<\/a> all j\u00e4tkab ettev\u00f5te arenemist, tagades stabiilse t\u00f6\u00f6 ja arenguv\u00f5imalused enam kui 2200 t\u00f6\u00f6tajale.<\/p>\n\n\n\n<p>Me v\u00e4\u00e4rtustame inimesi, kvaliteeti, arengut ja meeskonnat\u00f6\u00f6d.<\/p>\n\n\n\n<p><strong>\u00dchine meiega!<\/strong> CV ja taotlus saada e-postile&nbsp;<a href=\"mailto:personal.est@balticrest.com\">personal.est@balticrest.com<\/a>. Sind huvitavatele k\u00fcsimustele vastame t\u00f6\u00f6p\u00e4eviti kell 09:00-17:00 telefonil +372 6014 075.<\/p>\n\n\n\n<figure class=\"wp-block-image size-full\"><img fetchpriority=\"high\" decoding=\"async\" width=\"940\" height=\"540\" src=\"https:\/\/balticrest.com\/eesti\/wp-content\/uploads\/sites\/5\/2025\/02\/daily-ikonas-ee-desk.jpg\" alt=\"\" class=\"wp-image-350\" srcset=\"https:\/\/balticrest.com\/eesti\/wp-content\/uploads\/sites\/5\/2025\/02\/daily-ikonas-ee-desk.jpg 940w, https:\/\/balticrest.com\/eesti\/wp-content\/uploads\/sites\/5\/2025\/02\/daily-ikonas-ee-desk-300x172.jpg 300w, https:\/\/balticrest.com\/eesti\/wp-content\/uploads\/sites\/5\/2025\/02\/daily-ikonas-ee-desk-768x441.jpg 768w\" sizes=\"(max-width: 940px) 100vw, 940px\" \/><\/figure>\n\n\n\n<h2 class=\"wp-block-heading\">T\u00f6\u00f6pakkumised<\/h2>\n\n\n\n<p><\/p>\n","protected":false},"excerpt":{"rendered":"<p>Baltic Restaurants on suurim toitlustusteenuste osutaja Balti riikides. Teenindame igap\u00e4evaselt 110 tuhat klienti L\u00e4tis ja Eestis enam kui 420 restoranis, l\u00f5unarestoranis, kohvikus ja s\u00f6\u00f6klas ning bankettidel ja suur\u00fcritustel.&nbsp; T\u00f6\u00f6tades kaubam\u00e4rkide Chat, Restart, Daily, Noonbox, Fristar, Take Off ja Subway all j\u00e4tkab ettev\u00f5te arenemist, tagades stabiilse t\u00f6\u00f6 ja arenguv\u00f5imalused enam kui 2200 t\u00f6\u00f6tajale. Me v\u00e4\u00e4rtustame inimesi, [&hellip;]<\/p>\n","protected":false},"author":1,"featured_media":0,"parent":0,"menu_order":0,"comment_status":"closed","ping_status":"closed","template":"","meta":{"_acf_changed":false,"inline_featured_image":false,"_exactmetrics_skip_tracking":false,"_exactmetrics_sitenote_active":false,"_exactmetrics_sitenote_note":"","_exactmetrics_sitenote_category":0,"footnotes":""},"class_list":["post-192","page","type-page","status-publish","hentry"],"acf":[],"yoast_head":"<!-- This site is optimized with the Yoast SEO plugin v27.5 - https:\/\/yoast.com\/product\/yoast-seo-wordpress\/ -->\n<title>Karj\u00e4\u00e4r - Baltic Restaurants Eesti<\/title>\n<meta name=\"robots\" content=\"index, follow, max-snippet:-1, max-image-preview:large, max-video-preview:-1\" \/>\n<link rel=\"canonical\" href=\"https:\/\/balticrest.com\/eesti\/karjaar\/\" \/>\n<meta property=\"og:locale\" content=\"en_GB\" \/>\n<meta property=\"og:type\" content=\"article\" \/>\n<meta property=\"og:title\" content=\"Karj\u00e4\u00e4r - Baltic Restaurants Eesti\" \/>\n<meta property=\"og:description\" content=\"Baltic Restaurants on suurim toitlustusteenuste osutaja Balti riikides. Teenindame igap\u00e4evaselt 110 tuhat klienti L\u00e4tis ja Eestis enam kui 420 restoranis, l\u00f5unarestoranis, kohvikus ja s\u00f6\u00f6klas ning bankettidel ja suur\u00fcritustel.&nbsp; T\u00f6\u00f6tades kaubam\u00e4rkide Chat, Restart, Daily, Noonbox, Fristar, Take Off ja Subway all j\u00e4tkab ettev\u00f5te arenemist, tagades stabiilse t\u00f6\u00f6 ja arenguv\u00f5imalused enam kui 2200 t\u00f6\u00f6tajale. Me v\u00e4\u00e4rtustame inimesi, [&hellip;]\" \/>\n<meta property=\"og:url\" content=\"https:\/\/balticrest.com\/eesti\/karjaar\/\" \/>\n<meta property=\"og:site_name\" content=\"Baltic Restaurants Eesti\" \/>\n<meta property=\"article:modified_time\" content=\"2025-08-25T13:42:47+00:00\" \/>\n<meta property=\"og:image\" content=\"https:\/\/balticrest.com\/eesti\/wp-content\/uploads\/sites\/5\/2025\/02\/daily-ikonas-ee-desk.jpg\" \/>\n\t<meta property=\"og:image:width\" content=\"940\" \/>\n\t<meta property=\"og:image:height\" content=\"540\" \/>\n\t<meta property=\"og:image:type\" content=\"image\/jpeg\" \/>\n<meta name=\"twitter:card\" content=\"summary_large_image\" \/>\n<meta name=\"twitter:label1\" content=\"Estimated reading time\" \/>\n\t<meta name=\"twitter:data1\" content=\"1 minute\" \/>\n<script type=\"application\/ld+json\" class=\"yoast-schema-graph\">{\"@context\":\"https:\\\/\\\/schema.org\",\"@graph\":[{\"@type\":\"WebPage\",\"@id\":\"https:\\\/\\\/balticrest.com\\\/eesti\\\/karjaar\\\/\",\"url\":\"https:\\\/\\\/balticrest.com\\\/eesti\\\/karjaar\\\/\",\"name\":\"Karj\u00e4\u00e4r - Baltic Restaurants Eesti\",\"isPartOf\":{\"@id\":\"https:\\\/\\\/balticrest.com\\\/eesti\\\/#website\"},\"primaryImageOfPage\":{\"@id\":\"https:\\\/\\\/balticrest.com\\\/eesti\\\/karjaar\\\/#primaryimage\"},\"image\":{\"@id\":\"https:\\\/\\\/balticrest.com\\\/eesti\\\/karjaar\\\/#primaryimage\"},\"thumbnailUrl\":\"https:\\\/\\\/balticrest.com\\\/eesti\\\/wp-content\\\/uploads\\\/sites\\\/5\\\/2025\\\/02\\\/daily-ikonas-ee-desk.jpg\",\"datePublished\":\"2025-02-22T12:48:29+00:00\",\"dateModified\":\"2025-08-25T13:42:47+00:00\",\"breadcrumb\":{\"@id\":\"https:\\\/\\\/balticrest.com\\\/eesti\\\/karjaar\\\/#breadcrumb\"},\"inLanguage\":\"en-GB\",\"potentialAction\":[{\"@type\":\"ReadAction\",\"target\":[\"https:\\\/\\\/balticrest.com\\\/eesti\\\/karjaar\\\/\"]}]},{\"@type\":\"ImageObject\",\"inLanguage\":\"en-GB\",\"@id\":\"https:\\\/\\\/balticrest.com\\\/eesti\\\/karjaar\\\/#primaryimage\",\"url\":\"https:\\\/\\\/balticrest.com\\\/eesti\\\/wp-content\\\/uploads\\\/sites\\\/5\\\/2025\\\/02\\\/daily-ikonas-ee-desk.jpg\",\"contentUrl\":\"https:\\\/\\\/balticrest.com\\\/eesti\\\/wp-content\\\/uploads\\\/sites\\\/5\\\/2025\\\/02\\\/daily-ikonas-ee-desk.jpg\",\"width\":940,\"height\":540},{\"@type\":\"BreadcrumbList\",\"@id\":\"https:\\\/\\\/balticrest.com\\\/eesti\\\/karjaar\\\/#breadcrumb\",\"itemListElement\":[{\"@type\":\"ListItem\",\"position\":1,\"name\":\"Home\",\"item\":\"https:\\\/\\\/balticrest.com\\\/eesti\\\/\"},{\"@type\":\"ListItem\",\"position\":2,\"name\":\"Karj\u00e4\u00e4r\"}]},{\"@type\":\"WebSite\",\"@id\":\"https:\\\/\\\/balticrest.com\\\/eesti\\\/#website\",\"url\":\"https:\\\/\\\/balticrest.com\\\/eesti\\\/\",\"name\":\"Baltic Restaurants Eesti\",\"description\":\"\",\"publisher\":{\"@id\":\"https:\\\/\\\/balticrest.com\\\/eesti\\\/#organization\"},\"potentialAction\":[{\"@type\":\"SearchAction\",\"target\":{\"@type\":\"EntryPoint\",\"urlTemplate\":\"https:\\\/\\\/balticrest.com\\\/eesti\\\/?s={search_term_string}\"},\"query-input\":{\"@type\":\"PropertyValueSpecification\",\"valueRequired\":true,\"valueName\":\"search_term_string\"}}],\"inLanguage\":\"en-GB\"},{\"@type\":\"Organization\",\"@id\":\"https:\\\/\\\/balticrest.com\\\/eesti\\\/#organization\",\"name\":\"Baltic Restaurants Eesti\",\"url\":\"https:\\\/\\\/balticrest.com\\\/eesti\\\/\",\"logo\":{\"@type\":\"ImageObject\",\"inLanguage\":\"en-GB\",\"@id\":\"https:\\\/\\\/balticrest.com\\\/eesti\\\/#\\\/schema\\\/logo\\\/image\\\/\",\"url\":\"https:\\\/\\\/balticrest.com\\\/eesti\\\/wp-content\\\/uploads\\\/sites\\\/5\\\/2025\\\/02\\\/BR-Header-Logo-BR.svg\",\"contentUrl\":\"https:\\\/\\\/balticrest.com\\\/eesti\\\/wp-content\\\/uploads\\\/sites\\\/5\\\/2025\\\/02\\\/BR-Header-Logo-BR.svg\",\"width\":296,\"height\":27,\"caption\":\"Baltic Restaurants Eesti\"},\"image\":{\"@id\":\"https:\\\/\\\/balticrest.com\\\/eesti\\\/#\\\/schema\\\/logo\\\/image\\\/\"}}]}<\/script>\n<!-- \/ Yoast SEO plugin. -->","yoast_head_json":{"title":"Karj\u00e4\u00e4r - Baltic Restaurants Eesti","robots":{"index":"index","follow":"follow","max-snippet":"max-snippet:-1","max-image-preview":"max-image-preview:large","max-video-preview":"max-video-preview:-1"},"canonical":"https:\/\/balticrest.com\/eesti\/karjaar\/","og_locale":"en_GB","og_type":"article","og_title":"Karj\u00e4\u00e4r - Baltic Restaurants Eesti","og_description":"Baltic Restaurants on suurim toitlustusteenuste osutaja Balti riikides. Teenindame igap\u00e4evaselt 110 tuhat klienti L\u00e4tis ja Eestis enam kui 420 restoranis, l\u00f5unarestoranis, kohvikus ja s\u00f6\u00f6klas ning bankettidel ja suur\u00fcritustel.&nbsp; T\u00f6\u00f6tades kaubam\u00e4rkide Chat, Restart, Daily, Noonbox, Fristar, Take Off ja Subway all j\u00e4tkab ettev\u00f5te arenemist, tagades stabiilse t\u00f6\u00f6 ja arenguv\u00f5imalused enam kui 2200 t\u00f6\u00f6tajale. Me v\u00e4\u00e4rtustame inimesi, [&hellip;]","og_url":"https:\/\/balticrest.com\/eesti\/karjaar\/","og_site_name":"Baltic Restaurants Eesti","article_modified_time":"2025-08-25T13:42:47+00:00","og_image":[{"width":940,"height":540,"url":"https:\/\/balticrest.com\/eesti\/wp-content\/uploads\/sites\/5\/2025\/02\/daily-ikonas-ee-desk.jpg","type":"image\/jpeg"}],"twitter_card":"summary_large_image","twitter_misc":{"Estimated reading time":"1 minute"},"schema":{"@context":"https:\/\/schema.org","@graph":[{"@type":"WebPage","@id":"https:\/\/balticrest.com\/eesti\/karjaar\/","url":"https:\/\/balticrest.com\/eesti\/karjaar\/","name":"Karj\u00e4\u00e4r - Baltic Restaurants Eesti","isPartOf":{"@id":"https:\/\/balticrest.com\/eesti\/#website"},"primaryImageOfPage":{"@id":"https:\/\/balticrest.com\/eesti\/karjaar\/#primaryimage"},"image":{"@id":"https:\/\/balticrest.com\/eesti\/karjaar\/#primaryimage"},"thumbnailUrl":"https:\/\/balticrest.com\/eesti\/wp-content\/uploads\/sites\/5\/2025\/02\/daily-ikonas-ee-desk.jpg","datePublished":"2025-02-22T12:48:29+00:00","dateModified":"2025-08-25T13:42:47+00:00","breadcrumb":{"@id":"https:\/\/balticrest.com\/eesti\/karjaar\/#breadcrumb"},"inLanguage":"en-GB","potentialAction":[{"@type":"ReadAction","target":["https:\/\/balticrest.com\/eesti\/karjaar\/"]}]},{"@type":"ImageObject","inLanguage":"en-GB","@id":"https:\/\/balticrest.com\/eesti\/karjaar\/#primaryimage","url":"https:\/\/balticrest.com\/eesti\/wp-content\/uploads\/sites\/5\/2025\/02\/daily-ikonas-ee-desk.jpg","contentUrl":"https:\/\/balticrest.com\/eesti\/wp-content\/uploads\/sites\/5\/2025\/02\/daily-ikonas-ee-desk.jpg","width":940,"height":540},{"@type":"BreadcrumbList","@id":"https:\/\/balticrest.com\/eesti\/karjaar\/#breadcrumb","itemListElement":[{"@type":"ListItem","position":1,"name":"Home","item":"https:\/\/balticrest.com\/eesti\/"},{"@type":"ListItem","position":2,"name":"Karj\u00e4\u00e4r"}]},{"@type":"WebSite","@id":"https:\/\/balticrest.com\/eesti\/#website","url":"https:\/\/balticrest.com\/eesti\/","name":"Baltic Restaurants Eesti","description":"","publisher":{"@id":"https:\/\/balticrest.com\/eesti\/#organization"},"potentialAction":[{"@type":"SearchAction","target":{"@type":"EntryPoint","urlTemplate":"https:\/\/balticrest.com\/eesti\/?s={search_term_string}"},"query-input":{"@type":"PropertyValueSpecification","valueRequired":true,"valueName":"search_term_string"}}],"inLanguage":"en-GB"},{"@type":"Organization","@id":"https:\/\/balticrest.com\/eesti\/#organization","name":"Baltic Restaurants Eesti","url":"https:\/\/balticrest.com\/eesti\/","logo":{"@type":"ImageObject","inLanguage":"en-GB","@id":"https:\/\/balticrest.com\/eesti\/#\/schema\/logo\/image\/","url":"https:\/\/balticrest.com\/eesti\/wp-content\/uploads\/sites\/5\/2025\/02\/BR-Header-Logo-BR.svg","contentUrl":"https:\/\/balticrest.com\/eesti\/wp-content\/uploads\/sites\/5\/2025\/02\/BR-Header-Logo-BR.svg","width":296,"height":27,"caption":"Baltic Restaurants Eesti"},"image":{"@id":"https:\/\/balticrest.com\/eesti\/#\/schema\/logo\/image\/"}}]}},"_links":{"self":[{"href":"https:\/\/balticrest.com\/eesti\/wp-json\/wp\/v2\/pages\/192","targetHints":{"allow":["GET"]}}],"collection":[{"href":"https:\/\/balticrest.com\/eesti\/wp-json\/wp\/v2\/pages"}],"about":[{"href":"https:\/\/balticrest.com\/eesti\/wp-json\/wp\/v2\/types\/page"}],"author":[{"embeddable":true,"href":"https:\/\/balticrest.com\/eesti\/wp-json\/wp\/v2\/users\/1"}],"replies":[{"embeddable":true,"href":"https:\/\/balticrest.com\/eesti\/wp-json\/wp\/v2\/comments?post=192"}],"version-history":[{"count":5,"href":"https:\/\/balticrest.com\/eesti\/wp-json\/wp\/v2\/pages\/192\/revisions"}],"predecessor-version":[{"id":2179,"href":"https:\/\/balticrest.com\/eesti\/wp-json\/wp\/v2\/pages\/192\/revisions\/2179"}],"wp:attachment":[{"href":"https:\/\/balticrest.com\/eesti\/wp-json\/wp\/v2\/media?parent=192"}],"curies":[{"name":"wp","href":"https:\/\/api.w.org\/{rel}","templated":true}]}}