{"id":202,"date":"2025-02-22T14:50:21","date_gmt":"2025-02-22T12:50:21","guid":{"rendered":"https:\/\/balticrest.com\/eesti\/?page_id=202"},"modified":"2025-02-23T14:16:42","modified_gmt":"2025-02-23T12:16:42","slug":"toitlustamine-koolieelsetes-lasteasutustes","status":"publish","type":"page","link":"https:\/\/balticrest.com\/eesti\/meist\/toitlustamine-koolieelsetes-lasteasutustes\/","title":{"rendered":"Toitlustamine koolieelsetes lasteasutustes"},"content":{"rendered":"\n<p>Ametlik nimetus \u201ekoolieelsed lasteasutused\u201d on t\u00e4pne, kuid k\u00f5lab kuivav\u00f5itu. Koolieelne aeg pole midagi muud kui lapsep\u00f5lv, mis on t\u00e4is teadmiste omandamist ja m\u00e4nge. Meile meeldivad rohkem lasteaiad. Kus k\u00f5ik on hele, v\u00e4rviline, l\u00e4rmakas, r\u00f5\u00f5mus. Ja maitsev!<\/p>\n\n\n\n<p>Lapsi toitlustades pakub Daily neile vajalikku energiat ja toitaineid kasvamiseks ning maailma tundma\u00f5ppimiseks. Meie men\u00fc\u00fcsid on aastast aastasse soovitanud dietoloogid. Tuleme vastu ka lasteaedade juhtkonnale aidates sisustada k\u00f6\u00f6gi ja s\u00f6\u00f6gisaali vastavalt vajadustele ning soovidele.<\/p>\n","protected":false},"excerpt":{"rendered":"<p>Ametlik nimetus \u201ekoolieelsed lasteasutused\u201d on t\u00e4pne, kuid k\u00f5lab kuivav\u00f5itu. Koolieelne aeg pole midagi muud kui lapsep\u00f5lv, mis on t\u00e4is teadmiste omandamist ja m\u00e4nge. Meile meeldivad rohkem lasteaiad. Kus k\u00f5ik on hele, v\u00e4rviline, l\u00e4rmakas, r\u00f5\u00f5mus. Ja maitsev! Lapsi toitlustades pakub Daily neile vajalikku energiat ja toitaineid kasvamiseks ning maailma tundma\u00f5ppimiseks. Meie men\u00fc\u00fcsid on aastast aastasse soovitanud [&hellip;]<\/p>\n","protected":false},"author":1,"featured_media":0,"parent":190,"menu_order":0,"comment_status":"closed","ping_status":"closed","template":"","meta":{"_acf_changed":false,"inline_featured_image":false,"_exactmetrics_skip_tracking":false,"_exactmetrics_sitenote_active":false,"_exactmetrics_sitenote_note":"","_exactmetrics_sitenote_category":0,"footnotes":""},"class_list":["post-202","page","type-page","status-publish","hentry"],"acf":[],"yoast_head":"<!-- This site is optimized with the Yoast SEO plugin v27.5 - https:\/\/yoast.com\/product\/yoast-seo-wordpress\/ -->\n<title>Toitlustamine koolieelsetes lasteasutustes - Baltic Restaurants Eesti<\/title>\n<meta name=\"robots\" content=\"index, follow, max-snippet:-1, max-image-preview:large, max-video-preview:-1\" \/>\n<link rel=\"canonical\" href=\"https:\/\/balticrest.com\/eesti\/meist\/toitlustamine-koolieelsetes-lasteasutustes\/\" \/>\n<meta property=\"og:locale\" content=\"en_GB\" \/>\n<meta property=\"og:type\" content=\"article\" \/>\n<meta property=\"og:title\" content=\"Toitlustamine koolieelsetes lasteasutustes - Baltic Restaurants Eesti\" \/>\n<meta property=\"og:description\" content=\"Ametlik nimetus \u201ekoolieelsed lasteasutused\u201d on t\u00e4pne, kuid k\u00f5lab kuivav\u00f5itu. Koolieelne aeg pole midagi muud kui lapsep\u00f5lv, mis on t\u00e4is teadmiste omandamist ja m\u00e4nge. Meile meeldivad rohkem lasteaiad. Kus k\u00f5ik on hele, v\u00e4rviline, l\u00e4rmakas, r\u00f5\u00f5mus. Ja maitsev! Lapsi toitlustades pakub Daily neile vajalikku energiat ja toitaineid kasvamiseks ning maailma tundma\u00f5ppimiseks. Meie men\u00fc\u00fcsid on aastast aastasse soovitanud [&hellip;]\" \/>\n<meta property=\"og:url\" content=\"https:\/\/balticrest.com\/eesti\/meist\/toitlustamine-koolieelsetes-lasteasutustes\/\" \/>\n<meta property=\"og:site_name\" content=\"Baltic Restaurants Eesti\" \/>\n<meta property=\"article:modified_time\" content=\"2025-02-23T12:16:42+00:00\" \/>\n<meta name=\"twitter:card\" content=\"summary_large_image\" \/>\n<script type=\"application\/ld+json\" class=\"yoast-schema-graph\">{\"@context\":\"https:\\\/\\\/schema.org\",\"@graph\":[{\"@type\":\"WebPage\",\"@id\":\"https:\\\/\\\/balticrest.com\\\/eesti\\\/meist\\\/toitlustamine-koolieelsetes-lasteasutustes\\\/\",\"url\":\"https:\\\/\\\/balticrest.com\\\/eesti\\\/meist\\\/toitlustamine-koolieelsetes-lasteasutustes\\\/\",\"name\":\"Toitlustamine koolieelsetes lasteasutustes - Baltic Restaurants Eesti\",\"isPartOf\":{\"@id\":\"https:\\\/\\\/balticrest.com\\\/eesti\\\/#website\"},\"datePublished\":\"2025-02-22T12:50:21+00:00\",\"dateModified\":\"2025-02-23T12:16:42+00:00\",\"breadcrumb\":{\"@id\":\"https:\\\/\\\/balticrest.com\\\/eesti\\\/meist\\\/toitlustamine-koolieelsetes-lasteasutustes\\\/#breadcrumb\"},\"inLanguage\":\"en-GB\",\"potentialAction\":[{\"@type\":\"ReadAction\",\"target\":[\"https:\\\/\\\/balticrest.com\\\/eesti\\\/meist\\\/toitlustamine-koolieelsetes-lasteasutustes\\\/\"]}]},{\"@type\":\"BreadcrumbList\",\"@id\":\"https:\\\/\\\/balticrest.com\\\/eesti\\\/meist\\\/toitlustamine-koolieelsetes-lasteasutustes\\\/#breadcrumb\",\"itemListElement\":[{\"@type\":\"ListItem\",\"position\":1,\"name\":\"Home\",\"item\":\"https:\\\/\\\/balticrest.com\\\/eesti\\\/\"},{\"@type\":\"ListItem\",\"position\":2,\"name\":\"Meist\",\"item\":\"https:\\\/\\\/balticrest.com\\\/eesti\\\/meist\\\/\"},{\"@type\":\"ListItem\",\"position\":3,\"name\":\"Toitlustamine koolieelsetes lasteasutustes\"}]},{\"@type\":\"WebSite\",\"@id\":\"https:\\\/\\\/balticrest.com\\\/eesti\\\/#website\",\"url\":\"https:\\\/\\\/balticrest.com\\\/eesti\\\/\",\"name\":\"Baltic Restaurants Eesti\",\"description\":\"\",\"publisher\":{\"@id\":\"https:\\\/\\\/balticrest.com\\\/eesti\\\/#organization\"},\"potentialAction\":[{\"@type\":\"SearchAction\",\"target\":{\"@type\":\"EntryPoint\",\"urlTemplate\":\"https:\\\/\\\/balticrest.com\\\/eesti\\\/?s={search_term_string}\"},\"query-input\":{\"@type\":\"PropertyValueSpecification\",\"valueRequired\":true,\"valueName\":\"search_term_string\"}}],\"inLanguage\":\"en-GB\"},{\"@type\":\"Organization\",\"@id\":\"https:\\\/\\\/balticrest.com\\\/eesti\\\/#organization\",\"name\":\"Baltic Restaurants Eesti\",\"url\":\"https:\\\/\\\/balticrest.com\\\/eesti\\\/\",\"logo\":{\"@type\":\"ImageObject\",\"inLanguage\":\"en-GB\",\"@id\":\"https:\\\/\\\/balticrest.com\\\/eesti\\\/#\\\/schema\\\/logo\\\/image\\\/\",\"url\":\"https:\\\/\\\/balticrest.com\\\/eesti\\\/wp-content\\\/uploads\\\/sites\\\/5\\\/2025\\\/02\\\/BR-Header-Logo-BR.svg\",\"contentUrl\":\"https:\\\/\\\/balticrest.com\\\/eesti\\\/wp-content\\\/uploads\\\/sites\\\/5\\\/2025\\\/02\\\/BR-Header-Logo-BR.svg\",\"width\":296,\"height\":27,\"caption\":\"Baltic Restaurants Eesti\"},\"image\":{\"@id\":\"https:\\\/\\\/balticrest.com\\\/eesti\\\/#\\\/schema\\\/logo\\\/image\\\/\"}}]}<\/script>\n<!-- \/ Yoast SEO plugin. -->","yoast_head_json":{"title":"Toitlustamine koolieelsetes lasteasutustes - Baltic Restaurants Eesti","robots":{"index":"index","follow":"follow","max-snippet":"max-snippet:-1","max-image-preview":"max-image-preview:large","max-video-preview":"max-video-preview:-1"},"canonical":"https:\/\/balticrest.com\/eesti\/meist\/toitlustamine-koolieelsetes-lasteasutustes\/","og_locale":"en_GB","og_type":"article","og_title":"Toitlustamine koolieelsetes lasteasutustes - Baltic Restaurants Eesti","og_description":"Ametlik nimetus \u201ekoolieelsed lasteasutused\u201d on t\u00e4pne, kuid k\u00f5lab kuivav\u00f5itu. Koolieelne aeg pole midagi muud kui lapsep\u00f5lv, mis on t\u00e4is teadmiste omandamist ja m\u00e4nge. Meile meeldivad rohkem lasteaiad. Kus k\u00f5ik on hele, v\u00e4rviline, l\u00e4rmakas, r\u00f5\u00f5mus. Ja maitsev! Lapsi toitlustades pakub Daily neile vajalikku energiat ja toitaineid kasvamiseks ning maailma tundma\u00f5ppimiseks. Meie men\u00fc\u00fcsid on aastast aastasse soovitanud [&hellip;]","og_url":"https:\/\/balticrest.com\/eesti\/meist\/toitlustamine-koolieelsetes-lasteasutustes\/","og_site_name":"Baltic Restaurants Eesti","article_modified_time":"2025-02-23T12:16:42+00:00","twitter_card":"summary_large_image","schema":{"@context":"https:\/\/schema.org","@graph":[{"@type":"WebPage","@id":"https:\/\/balticrest.com\/eesti\/meist\/toitlustamine-koolieelsetes-lasteasutustes\/","url":"https:\/\/balticrest.com\/eesti\/meist\/toitlustamine-koolieelsetes-lasteasutustes\/","name":"Toitlustamine koolieelsetes lasteasutustes - Baltic Restaurants Eesti","isPartOf":{"@id":"https:\/\/balticrest.com\/eesti\/#website"},"datePublished":"2025-02-22T12:50:21+00:00","dateModified":"2025-02-23T12:16:42+00:00","breadcrumb":{"@id":"https:\/\/balticrest.com\/eesti\/meist\/toitlustamine-koolieelsetes-lasteasutustes\/#breadcrumb"},"inLanguage":"en-GB","potentialAction":[{"@type":"ReadAction","target":["https:\/\/balticrest.com\/eesti\/meist\/toitlustamine-koolieelsetes-lasteasutustes\/"]}]},{"@type":"BreadcrumbList","@id":"https:\/\/balticrest.com\/eesti\/meist\/toitlustamine-koolieelsetes-lasteasutustes\/#breadcrumb","itemListElement":[{"@type":"ListItem","position":1,"name":"Home","item":"https:\/\/balticrest.com\/eesti\/"},{"@type":"ListItem","position":2,"name":"Meist","item":"https:\/\/balticrest.com\/eesti\/meist\/"},{"@type":"ListItem","position":3,"name":"Toitlustamine koolieelsetes lasteasutustes"}]},{"@type":"WebSite","@id":"https:\/\/balticrest.com\/eesti\/#website","url":"https:\/\/balticrest.com\/eesti\/","name":"Baltic Restaurants Eesti","description":"","publisher":{"@id":"https:\/\/balticrest.com\/eesti\/#organization"},"potentialAction":[{"@type":"SearchAction","target":{"@type":"EntryPoint","urlTemplate":"https:\/\/balticrest.com\/eesti\/?s={search_term_string}"},"query-input":{"@type":"PropertyValueSpecification","valueRequired":true,"valueName":"search_term_string"}}],"inLanguage":"en-GB"},{"@type":"Organization","@id":"https:\/\/balticrest.com\/eesti\/#organization","name":"Baltic Restaurants Eesti","url":"https:\/\/balticrest.com\/eesti\/","logo":{"@type":"ImageObject","inLanguage":"en-GB","@id":"https:\/\/balticrest.com\/eesti\/#\/schema\/logo\/image\/","url":"https:\/\/balticrest.com\/eesti\/wp-content\/uploads\/sites\/5\/2025\/02\/BR-Header-Logo-BR.svg","contentUrl":"https:\/\/balticrest.com\/eesti\/wp-content\/uploads\/sites\/5\/2025\/02\/BR-Header-Logo-BR.svg","width":296,"height":27,"caption":"Baltic Restaurants Eesti"},"image":{"@id":"https:\/\/balticrest.com\/eesti\/#\/schema\/logo\/image\/"}}]}},"_links":{"self":[{"href":"https:\/\/balticrest.com\/eesti\/wp-json\/wp\/v2\/pages\/202","targetHints":{"allow":["GET"]}}],"collection":[{"href":"https:\/\/balticrest.com\/eesti\/wp-json\/wp\/v2\/pages"}],"about":[{"href":"https:\/\/balticrest.com\/eesti\/wp-json\/wp\/v2\/types\/page"}],"author":[{"embeddable":true,"href":"https:\/\/balticrest.com\/eesti\/wp-json\/wp\/v2\/users\/1"}],"replies":[{"embeddable":true,"href":"https:\/\/balticrest.com\/eesti\/wp-json\/wp\/v2\/comments?post=202"}],"version-history":[{"count":2,"href":"https:\/\/balticrest.com\/eesti\/wp-json\/wp\/v2\/pages\/202\/revisions"}],"predecessor-version":[{"id":364,"href":"https:\/\/balticrest.com\/eesti\/wp-json\/wp\/v2\/pages\/202\/revisions\/364"}],"up":[{"embeddable":true,"href":"https:\/\/balticrest.com\/eesti\/wp-json\/wp\/v2\/pages\/190"}],"wp:attachment":[{"href":"https:\/\/balticrest.com\/eesti\/wp-json\/wp\/v2\/media?parent=202"}],"curies":[{"name":"wp","href":"https:\/\/api.w.org\/{rel}","templated":true}]}}