{"id":206,"date":"2025-02-22T14:50:52","date_gmt":"2025-02-22T12:50:52","guid":{"rendered":"https:\/\/balticrest.com\/eesti\/?page_id=206"},"modified":"2025-02-23T14:18:42","modified_gmt":"2025-02-23T12:18:42","slug":"banketid","status":"publish","type":"page","link":"https:\/\/balticrest.com\/eesti\/meist\/banketid\/","title":{"rendered":"Banketid"},"content":{"rendered":"\n<p>Me oleme 20 aasta v\u00e4ltel omandanud oskuse teenindada bankette alates kohvitassist kuni peente peolaudadeni. \u00dcks s\u00f6\u00f6gikord v\u00f5i mitmep\u00e4evased pidustused, \u00fches kohas v\u00f5i mitmes kohas korraga, minimaalse eelarvega v\u00f5i varustatud k\u00f5igega, mida raha eest on v\u00f5imalik osta \u2013 \u00f6elge vaid ja meie kanname k\u00f5ige eest hoolt. Isegi lillede eest. Kuigi me ise ei ole lillekunstnikud, teame, kust leida parimaid oma ala asjatundjaid. Kirjutage meile aadressil office@balticrest.com ning me aitame teid!<\/p>\n","protected":false},"excerpt":{"rendered":"<p>Me oleme 20 aasta v\u00e4ltel omandanud oskuse teenindada bankette alates kohvitassist kuni peente peolaudadeni. \u00dcks s\u00f6\u00f6gikord v\u00f5i mitmep\u00e4evased pidustused, \u00fches kohas v\u00f5i mitmes kohas korraga, minimaalse eelarvega v\u00f5i varustatud k\u00f5igega, mida raha eest on v\u00f5imalik osta \u2013 \u00f6elge vaid ja meie kanname k\u00f5ige eest hoolt. Isegi lillede eest. Kuigi me ise ei ole lillekunstnikud, teame, [&hellip;]<\/p>\n","protected":false},"author":1,"featured_media":222,"parent":190,"menu_order":0,"comment_status":"closed","ping_status":"closed","template":"","meta":{"_acf_changed":false,"inline_featured_image":false,"_exactmetrics_skip_tracking":false,"_exactmetrics_sitenote_active":false,"_exactmetrics_sitenote_note":"","_exactmetrics_sitenote_category":0,"footnotes":""},"class_list":["post-206","page","type-page","status-publish","has-post-thumbnail","hentry"],"acf":[],"yoast_head":"<!-- This site is optimized with the Yoast SEO plugin v27.5 - https:\/\/yoast.com\/product\/yoast-seo-wordpress\/ -->\n<title>Banketid - Baltic Restaurants Eesti<\/title>\n<meta name=\"robots\" content=\"index, follow, max-snippet:-1, max-image-preview:large, max-video-preview:-1\" \/>\n<link rel=\"canonical\" href=\"https:\/\/balticrest.com\/eesti\/meist\/banketid\/\" \/>\n<meta property=\"og:locale\" content=\"en_GB\" \/>\n<meta property=\"og:type\" content=\"article\" \/>\n<meta property=\"og:title\" content=\"Banketid - Baltic Restaurants Eesti\" \/>\n<meta property=\"og:description\" content=\"Me oleme 20 aasta v\u00e4ltel omandanud oskuse teenindada bankette alates kohvitassist kuni peente peolaudadeni. \u00dcks s\u00f6\u00f6gikord v\u00f5i mitmep\u00e4evased pidustused, \u00fches kohas v\u00f5i mitmes kohas korraga, minimaalse eelarvega v\u00f5i varustatud k\u00f5igega, mida raha eest on v\u00f5imalik osta \u2013 \u00f6elge vaid ja meie kanname k\u00f5ige eest hoolt. Isegi lillede eest. Kuigi me ise ei ole lillekunstnikud, teame, [&hellip;]\" \/>\n<meta property=\"og:url\" content=\"https:\/\/balticrest.com\/eesti\/meist\/banketid\/\" \/>\n<meta property=\"og:site_name\" content=\"Baltic Restaurants Eesti\" \/>\n<meta property=\"article:modified_time\" content=\"2025-02-23T12:18:42+00:00\" \/>\n<meta property=\"og:image\" content=\"https:\/\/balticrest.com\/eesti\/wp-content\/uploads\/sites\/5\/2025\/02\/banketa_maizites.jpg\" \/>\n\t<meta property=\"og:image:width\" content=\"1920\" \/>\n\t<meta property=\"og:image:height\" content=\"760\" \/>\n\t<meta property=\"og:image:type\" content=\"image\/jpeg\" \/>\n<meta name=\"twitter:card\" content=\"summary_large_image\" \/>\n<meta name=\"twitter:label1\" content=\"Estimated reading time\" \/>\n\t<meta name=\"twitter:data1\" content=\"1 minute\" \/>\n<script type=\"application\/ld+json\" class=\"yoast-schema-graph\">{\"@context\":\"https:\\\/\\\/schema.org\",\"@graph\":[{\"@type\":\"WebPage\",\"@id\":\"https:\\\/\\\/balticrest.com\\\/eesti\\\/meist\\\/banketid\\\/\",\"url\":\"https:\\\/\\\/balticrest.com\\\/eesti\\\/meist\\\/banketid\\\/\",\"name\":\"Banketid - Baltic Restaurants Eesti\",\"isPartOf\":{\"@id\":\"https:\\\/\\\/balticrest.com\\\/eesti\\\/#website\"},\"primaryImageOfPage\":{\"@id\":\"https:\\\/\\\/balticrest.com\\\/eesti\\\/meist\\\/banketid\\\/#primaryimage\"},\"image\":{\"@id\":\"https:\\\/\\\/balticrest.com\\\/eesti\\\/meist\\\/banketid\\\/#primaryimage\"},\"thumbnailUrl\":\"https:\\\/\\\/balticrest.com\\\/eesti\\\/wp-content\\\/uploads\\\/sites\\\/5\\\/2025\\\/02\\\/banketa_maizites.jpg\",\"datePublished\":\"2025-02-22T12:50:52+00:00\",\"dateModified\":\"2025-02-23T12:18:42+00:00\",\"breadcrumb\":{\"@id\":\"https:\\\/\\\/balticrest.com\\\/eesti\\\/meist\\\/banketid\\\/#breadcrumb\"},\"inLanguage\":\"en-GB\",\"potentialAction\":[{\"@type\":\"ReadAction\",\"target\":[\"https:\\\/\\\/balticrest.com\\\/eesti\\\/meist\\\/banketid\\\/\"]}]},{\"@type\":\"ImageObject\",\"inLanguage\":\"en-GB\",\"@id\":\"https:\\\/\\\/balticrest.com\\\/eesti\\\/meist\\\/banketid\\\/#primaryimage\",\"url\":\"https:\\\/\\\/balticrest.com\\\/eesti\\\/wp-content\\\/uploads\\\/sites\\\/5\\\/2025\\\/02\\\/banketa_maizites.jpg\",\"contentUrl\":\"https:\\\/\\\/balticrest.com\\\/eesti\\\/wp-content\\\/uploads\\\/sites\\\/5\\\/2025\\\/02\\\/banketa_maizites.jpg\",\"width\":1920,\"height\":760},{\"@type\":\"BreadcrumbList\",\"@id\":\"https:\\\/\\\/balticrest.com\\\/eesti\\\/meist\\\/banketid\\\/#breadcrumb\",\"itemListElement\":[{\"@type\":\"ListItem\",\"position\":1,\"name\":\"Home\",\"item\":\"https:\\\/\\\/balticrest.com\\\/eesti\\\/\"},{\"@type\":\"ListItem\",\"position\":2,\"name\":\"Meist\",\"item\":\"https:\\\/\\\/balticrest.com\\\/eesti\\\/meist\\\/\"},{\"@type\":\"ListItem\",\"position\":3,\"name\":\"Banketid\"}]},{\"@type\":\"WebSite\",\"@id\":\"https:\\\/\\\/balticrest.com\\\/eesti\\\/#website\",\"url\":\"https:\\\/\\\/balticrest.com\\\/eesti\\\/\",\"name\":\"Baltic Restaurants Eesti\",\"description\":\"\",\"publisher\":{\"@id\":\"https:\\\/\\\/balticrest.com\\\/eesti\\\/#organization\"},\"potentialAction\":[{\"@type\":\"SearchAction\",\"target\":{\"@type\":\"EntryPoint\",\"urlTemplate\":\"https:\\\/\\\/balticrest.com\\\/eesti\\\/?s={search_term_string}\"},\"query-input\":{\"@type\":\"PropertyValueSpecification\",\"valueRequired\":true,\"valueName\":\"search_term_string\"}}],\"inLanguage\":\"en-GB\"},{\"@type\":\"Organization\",\"@id\":\"https:\\\/\\\/balticrest.com\\\/eesti\\\/#organization\",\"name\":\"Baltic Restaurants Eesti\",\"url\":\"https:\\\/\\\/balticrest.com\\\/eesti\\\/\",\"logo\":{\"@type\":\"ImageObject\",\"inLanguage\":\"en-GB\",\"@id\":\"https:\\\/\\\/balticrest.com\\\/eesti\\\/#\\\/schema\\\/logo\\\/image\\\/\",\"url\":\"https:\\\/\\\/balticrest.com\\\/eesti\\\/wp-content\\\/uploads\\\/sites\\\/5\\\/2025\\\/02\\\/BR-Header-Logo-BR.svg\",\"contentUrl\":\"https:\\\/\\\/balticrest.com\\\/eesti\\\/wp-content\\\/uploads\\\/sites\\\/5\\\/2025\\\/02\\\/BR-Header-Logo-BR.svg\",\"width\":296,\"height\":27,\"caption\":\"Baltic Restaurants Eesti\"},\"image\":{\"@id\":\"https:\\\/\\\/balticrest.com\\\/eesti\\\/#\\\/schema\\\/logo\\\/image\\\/\"}}]}<\/script>\n<!-- \/ Yoast SEO plugin. -->","yoast_head_json":{"title":"Banketid - Baltic Restaurants Eesti","robots":{"index":"index","follow":"follow","max-snippet":"max-snippet:-1","max-image-preview":"max-image-preview:large","max-video-preview":"max-video-preview:-1"},"canonical":"https:\/\/balticrest.com\/eesti\/meist\/banketid\/","og_locale":"en_GB","og_type":"article","og_title":"Banketid - Baltic Restaurants Eesti","og_description":"Me oleme 20 aasta v\u00e4ltel omandanud oskuse teenindada bankette alates kohvitassist kuni peente peolaudadeni. \u00dcks s\u00f6\u00f6gikord v\u00f5i mitmep\u00e4evased pidustused, \u00fches kohas v\u00f5i mitmes kohas korraga, minimaalse eelarvega v\u00f5i varustatud k\u00f5igega, mida raha eest on v\u00f5imalik osta \u2013 \u00f6elge vaid ja meie kanname k\u00f5ige eest hoolt. Isegi lillede eest. Kuigi me ise ei ole lillekunstnikud, teame, [&hellip;]","og_url":"https:\/\/balticrest.com\/eesti\/meist\/banketid\/","og_site_name":"Baltic Restaurants Eesti","article_modified_time":"2025-02-23T12:18:42+00:00","og_image":[{"width":1920,"height":760,"url":"https:\/\/balticrest.com\/eesti\/wp-content\/uploads\/sites\/5\/2025\/02\/banketa_maizites.jpg","type":"image\/jpeg"}],"twitter_card":"summary_large_image","twitter_misc":{"Estimated reading time":"1 minute"},"schema":{"@context":"https:\/\/schema.org","@graph":[{"@type":"WebPage","@id":"https:\/\/balticrest.com\/eesti\/meist\/banketid\/","url":"https:\/\/balticrest.com\/eesti\/meist\/banketid\/","name":"Banketid - Baltic Restaurants Eesti","isPartOf":{"@id":"https:\/\/balticrest.com\/eesti\/#website"},"primaryImageOfPage":{"@id":"https:\/\/balticrest.com\/eesti\/meist\/banketid\/#primaryimage"},"image":{"@id":"https:\/\/balticrest.com\/eesti\/meist\/banketid\/#primaryimage"},"thumbnailUrl":"https:\/\/balticrest.com\/eesti\/wp-content\/uploads\/sites\/5\/2025\/02\/banketa_maizites.jpg","datePublished":"2025-02-22T12:50:52+00:00","dateModified":"2025-02-23T12:18:42+00:00","breadcrumb":{"@id":"https:\/\/balticrest.com\/eesti\/meist\/banketid\/#breadcrumb"},"inLanguage":"en-GB","potentialAction":[{"@type":"ReadAction","target":["https:\/\/balticrest.com\/eesti\/meist\/banketid\/"]}]},{"@type":"ImageObject","inLanguage":"en-GB","@id":"https:\/\/balticrest.com\/eesti\/meist\/banketid\/#primaryimage","url":"https:\/\/balticrest.com\/eesti\/wp-content\/uploads\/sites\/5\/2025\/02\/banketa_maizites.jpg","contentUrl":"https:\/\/balticrest.com\/eesti\/wp-content\/uploads\/sites\/5\/2025\/02\/banketa_maizites.jpg","width":1920,"height":760},{"@type":"BreadcrumbList","@id":"https:\/\/balticrest.com\/eesti\/meist\/banketid\/#breadcrumb","itemListElement":[{"@type":"ListItem","position":1,"name":"Home","item":"https:\/\/balticrest.com\/eesti\/"},{"@type":"ListItem","position":2,"name":"Meist","item":"https:\/\/balticrest.com\/eesti\/meist\/"},{"@type":"ListItem","position":3,"name":"Banketid"}]},{"@type":"WebSite","@id":"https:\/\/balticrest.com\/eesti\/#website","url":"https:\/\/balticrest.com\/eesti\/","name":"Baltic Restaurants Eesti","description":"","publisher":{"@id":"https:\/\/balticrest.com\/eesti\/#organization"},"potentialAction":[{"@type":"SearchAction","target":{"@type":"EntryPoint","urlTemplate":"https:\/\/balticrest.com\/eesti\/?s={search_term_string}"},"query-input":{"@type":"PropertyValueSpecification","valueRequired":true,"valueName":"search_term_string"}}],"inLanguage":"en-GB"},{"@type":"Organization","@id":"https:\/\/balticrest.com\/eesti\/#organization","name":"Baltic Restaurants Eesti","url":"https:\/\/balticrest.com\/eesti\/","logo":{"@type":"ImageObject","inLanguage":"en-GB","@id":"https:\/\/balticrest.com\/eesti\/#\/schema\/logo\/image\/","url":"https:\/\/balticrest.com\/eesti\/wp-content\/uploads\/sites\/5\/2025\/02\/BR-Header-Logo-BR.svg","contentUrl":"https:\/\/balticrest.com\/eesti\/wp-content\/uploads\/sites\/5\/2025\/02\/BR-Header-Logo-BR.svg","width":296,"height":27,"caption":"Baltic Restaurants Eesti"},"image":{"@id":"https:\/\/balticrest.com\/eesti\/#\/schema\/logo\/image\/"}}]}},"_links":{"self":[{"href":"https:\/\/balticrest.com\/eesti\/wp-json\/wp\/v2\/pages\/206","targetHints":{"allow":["GET"]}}],"collection":[{"href":"https:\/\/balticrest.com\/eesti\/wp-json\/wp\/v2\/pages"}],"about":[{"href":"https:\/\/balticrest.com\/eesti\/wp-json\/wp\/v2\/types\/page"}],"author":[{"embeddable":true,"href":"https:\/\/balticrest.com\/eesti\/wp-json\/wp\/v2\/users\/1"}],"replies":[{"embeddable":true,"href":"https:\/\/balticrest.com\/eesti\/wp-json\/wp\/v2\/comments?post=206"}],"version-history":[{"count":2,"href":"https:\/\/balticrest.com\/eesti\/wp-json\/wp\/v2\/pages\/206\/revisions"}],"predecessor-version":[{"id":369,"href":"https:\/\/balticrest.com\/eesti\/wp-json\/wp\/v2\/pages\/206\/revisions\/369"}],"up":[{"embeddable":true,"href":"https:\/\/balticrest.com\/eesti\/wp-json\/wp\/v2\/pages\/190"}],"wp:featuredmedia":[{"embeddable":true,"href":"https:\/\/balticrest.com\/eesti\/wp-json\/wp\/v2\/media\/222"}],"wp:attachment":[{"href":"https:\/\/balticrest.com\/eesti\/wp-json\/wp\/v2\/media?parent=206"}],"curies":[{"name":"wp","href":"https:\/\/api.w.org\/{rel}","templated":true}]}}