{"id":210,"date":"2025-02-22T14:51:25","date_gmt":"2025-02-22T12:51:25","guid":{"rendered":"https:\/\/balticrest.com\/eesti\/?page_id=210"},"modified":"2025-02-23T14:26:11","modified_gmt":"2025-02-23T12:26:11","slug":"subway","status":"publish","type":"page","link":"https:\/\/balticrest.com\/eesti\/meist\/subway\/","title":{"rendered":"Subway"},"content":{"rendered":"\n<p>Oleme uhked, et suudame edukalt t\u00f6\u00f6tada j\u00e4rgides eriti rangeid n\u00f5udeid, mille on p\u00fcstitanud rahvusvaheline kiirtoitlustuskett Subway oma koost\u00f6\u00f6partneritele terves maailmas. K\u00fclastage meie Subway restorani Tallinna Lennujaamas seitsmenda v\u00e4rava k\u00f5rval!<\/p>\n\n\n\n<figure class=\"wp-block-image size-full\"><img fetchpriority=\"high\" decoding=\"async\" width=\"536\" height=\"192\" src=\"https:\/\/balticrest.com\/eesti\/wp-content\/uploads\/sites\/5\/2025\/02\/munad_3d5cb.png\" alt=\"\" class=\"wp-image-373\" srcset=\"https:\/\/balticrest.com\/eesti\/wp-content\/uploads\/sites\/5\/2025\/02\/munad_3d5cb.png 536w, https:\/\/balticrest.com\/eesti\/wp-content\/uploads\/sites\/5\/2025\/02\/munad_3d5cb-300x107.png 300w\" sizes=\"(max-width: 536px) 100vw, 536px\" \/><\/figure>\n\n\n\n<p>Submarine Estonia O\u00dc kuulub Baltic Restaurant Gruppi<\/p>\n\n\n\n<p>Submarine Estonia O\u00dc<br>H\u00f5beda 6, 10125 Tallinn<br>T +372 601 4075<br>info@submarine.ee<\/p>\n\n\n\n<p>\u00c4riregistri kood&nbsp;12422096<br>K\u00e4ibemaksukohustuslase number&nbsp;EE101645940<\/p>\n","protected":false},"excerpt":{"rendered":"<p>Oleme uhked, et suudame edukalt t\u00f6\u00f6tada j\u00e4rgides eriti rangeid n\u00f5udeid, mille on p\u00fcstitanud rahvusvaheline kiirtoitlustuskett Subway oma koost\u00f6\u00f6partneritele terves maailmas. K\u00fclastage meie Subway restorani Tallinna Lennujaamas seitsmenda v\u00e4rava k\u00f5rval! Submarine Estonia O\u00dc kuulub Baltic Restaurant Gruppi Submarine Estonia O\u00dcH\u00f5beda 6, 10125 TallinnT +372 601 4075info@submarine.ee \u00c4riregistri kood&nbsp;12422096K\u00e4ibemaksukohustuslase number&nbsp;EE101645940<\/p>\n","protected":false},"author":1,"featured_media":0,"parent":190,"menu_order":0,"comment_status":"closed","ping_status":"closed","template":"","meta":{"_acf_changed":false,"inline_featured_image":false,"_exactmetrics_skip_tracking":false,"_exactmetrics_sitenote_active":false,"_exactmetrics_sitenote_note":"","_exactmetrics_sitenote_category":0,"footnotes":""},"class_list":["post-210","page","type-page","status-publish","hentry"],"acf":[],"yoast_head":"<!-- This site is optimized with the Yoast SEO plugin v27.5 - https:\/\/yoast.com\/product\/yoast-seo-wordpress\/ -->\n<title>Subway - Baltic Restaurants Eesti<\/title>\n<meta name=\"robots\" content=\"index, follow, max-snippet:-1, max-image-preview:large, max-video-preview:-1\" \/>\n<link rel=\"canonical\" href=\"https:\/\/balticrest.com\/eesti\/meist\/subway\/\" \/>\n<meta property=\"og:locale\" content=\"en_GB\" \/>\n<meta property=\"og:type\" content=\"article\" \/>\n<meta property=\"og:title\" content=\"Subway - Baltic Restaurants Eesti\" \/>\n<meta property=\"og:description\" content=\"Oleme uhked, et suudame edukalt t\u00f6\u00f6tada j\u00e4rgides eriti rangeid n\u00f5udeid, mille on p\u00fcstitanud rahvusvaheline kiirtoitlustuskett Subway oma koost\u00f6\u00f6partneritele terves maailmas. K\u00fclastage meie Subway restorani Tallinna Lennujaamas seitsmenda v\u00e4rava k\u00f5rval! Submarine Estonia O\u00dc kuulub Baltic Restaurant Gruppi Submarine Estonia O\u00dcH\u00f5beda 6, 10125 TallinnT +372 601 4075info@submarine.ee \u00c4riregistri kood&nbsp;12422096K\u00e4ibemaksukohustuslase number&nbsp;EE101645940\" \/>\n<meta property=\"og:url\" content=\"https:\/\/balticrest.com\/eesti\/meist\/subway\/\" \/>\n<meta property=\"og:site_name\" content=\"Baltic Restaurants Eesti\" \/>\n<meta property=\"article:modified_time\" content=\"2025-02-23T12:26:11+00:00\" \/>\n<meta property=\"og:image\" content=\"https:\/\/balticrest.com\/eesti\/wp-content\/uploads\/sites\/5\/2025\/02\/munad_3d5cb.png\" \/>\n<meta name=\"twitter:card\" content=\"summary_large_image\" \/>\n<meta name=\"twitter:label1\" content=\"Estimated reading time\" \/>\n\t<meta name=\"twitter:data1\" content=\"1 minute\" \/>\n<script type=\"application\/ld+json\" class=\"yoast-schema-graph\">{\"@context\":\"https:\\\/\\\/schema.org\",\"@graph\":[{\"@type\":\"WebPage\",\"@id\":\"https:\\\/\\\/balticrest.com\\\/eesti\\\/meist\\\/subway\\\/\",\"url\":\"https:\\\/\\\/balticrest.com\\\/eesti\\\/meist\\\/subway\\\/\",\"name\":\"Subway - Baltic Restaurants Eesti\",\"isPartOf\":{\"@id\":\"https:\\\/\\\/balticrest.com\\\/eesti\\\/#website\"},\"primaryImageOfPage\":{\"@id\":\"https:\\\/\\\/balticrest.com\\\/eesti\\\/meist\\\/subway\\\/#primaryimage\"},\"image\":{\"@id\":\"https:\\\/\\\/balticrest.com\\\/eesti\\\/meist\\\/subway\\\/#primaryimage\"},\"thumbnailUrl\":\"https:\\\/\\\/balticrest.com\\\/eesti\\\/wp-content\\\/uploads\\\/sites\\\/5\\\/2025\\\/02\\\/munad_3d5cb.png\",\"datePublished\":\"2025-02-22T12:51:25+00:00\",\"dateModified\":\"2025-02-23T12:26:11+00:00\",\"breadcrumb\":{\"@id\":\"https:\\\/\\\/balticrest.com\\\/eesti\\\/meist\\\/subway\\\/#breadcrumb\"},\"inLanguage\":\"en-GB\",\"potentialAction\":[{\"@type\":\"ReadAction\",\"target\":[\"https:\\\/\\\/balticrest.com\\\/eesti\\\/meist\\\/subway\\\/\"]}]},{\"@type\":\"ImageObject\",\"inLanguage\":\"en-GB\",\"@id\":\"https:\\\/\\\/balticrest.com\\\/eesti\\\/meist\\\/subway\\\/#primaryimage\",\"url\":\"https:\\\/\\\/balticrest.com\\\/eesti\\\/wp-content\\\/uploads\\\/sites\\\/5\\\/2025\\\/02\\\/munad_3d5cb.png\",\"contentUrl\":\"https:\\\/\\\/balticrest.com\\\/eesti\\\/wp-content\\\/uploads\\\/sites\\\/5\\\/2025\\\/02\\\/munad_3d5cb.png\",\"width\":536,\"height\":192},{\"@type\":\"BreadcrumbList\",\"@id\":\"https:\\\/\\\/balticrest.com\\\/eesti\\\/meist\\\/subway\\\/#breadcrumb\",\"itemListElement\":[{\"@type\":\"ListItem\",\"position\":1,\"name\":\"Home\",\"item\":\"https:\\\/\\\/balticrest.com\\\/eesti\\\/\"},{\"@type\":\"ListItem\",\"position\":2,\"name\":\"Meist\",\"item\":\"https:\\\/\\\/balticrest.com\\\/eesti\\\/meist\\\/\"},{\"@type\":\"ListItem\",\"position\":3,\"name\":\"Subway\"}]},{\"@type\":\"WebSite\",\"@id\":\"https:\\\/\\\/balticrest.com\\\/eesti\\\/#website\",\"url\":\"https:\\\/\\\/balticrest.com\\\/eesti\\\/\",\"name\":\"Baltic Restaurants Eesti\",\"description\":\"\",\"publisher\":{\"@id\":\"https:\\\/\\\/balticrest.com\\\/eesti\\\/#organization\"},\"potentialAction\":[{\"@type\":\"SearchAction\",\"target\":{\"@type\":\"EntryPoint\",\"urlTemplate\":\"https:\\\/\\\/balticrest.com\\\/eesti\\\/?s={search_term_string}\"},\"query-input\":{\"@type\":\"PropertyValueSpecification\",\"valueRequired\":true,\"valueName\":\"search_term_string\"}}],\"inLanguage\":\"en-GB\"},{\"@type\":\"Organization\",\"@id\":\"https:\\\/\\\/balticrest.com\\\/eesti\\\/#organization\",\"name\":\"Baltic Restaurants Eesti\",\"url\":\"https:\\\/\\\/balticrest.com\\\/eesti\\\/\",\"logo\":{\"@type\":\"ImageObject\",\"inLanguage\":\"en-GB\",\"@id\":\"https:\\\/\\\/balticrest.com\\\/eesti\\\/#\\\/schema\\\/logo\\\/image\\\/\",\"url\":\"https:\\\/\\\/balticrest.com\\\/eesti\\\/wp-content\\\/uploads\\\/sites\\\/5\\\/2025\\\/02\\\/BR-Header-Logo-BR.svg\",\"contentUrl\":\"https:\\\/\\\/balticrest.com\\\/eesti\\\/wp-content\\\/uploads\\\/sites\\\/5\\\/2025\\\/02\\\/BR-Header-Logo-BR.svg\",\"width\":296,\"height\":27,\"caption\":\"Baltic Restaurants Eesti\"},\"image\":{\"@id\":\"https:\\\/\\\/balticrest.com\\\/eesti\\\/#\\\/schema\\\/logo\\\/image\\\/\"}}]}<\/script>\n<!-- \/ Yoast SEO plugin. -->","yoast_head_json":{"title":"Subway - Baltic Restaurants Eesti","robots":{"index":"index","follow":"follow","max-snippet":"max-snippet:-1","max-image-preview":"max-image-preview:large","max-video-preview":"max-video-preview:-1"},"canonical":"https:\/\/balticrest.com\/eesti\/meist\/subway\/","og_locale":"en_GB","og_type":"article","og_title":"Subway - Baltic Restaurants Eesti","og_description":"Oleme uhked, et suudame edukalt t\u00f6\u00f6tada j\u00e4rgides eriti rangeid n\u00f5udeid, mille on p\u00fcstitanud rahvusvaheline kiirtoitlustuskett Subway oma koost\u00f6\u00f6partneritele terves maailmas. K\u00fclastage meie Subway restorani Tallinna Lennujaamas seitsmenda v\u00e4rava k\u00f5rval! Submarine Estonia O\u00dc kuulub Baltic Restaurant Gruppi Submarine Estonia O\u00dcH\u00f5beda 6, 10125 TallinnT +372 601 4075info@submarine.ee \u00c4riregistri kood&nbsp;12422096K\u00e4ibemaksukohustuslase number&nbsp;EE101645940","og_url":"https:\/\/balticrest.com\/eesti\/meist\/subway\/","og_site_name":"Baltic Restaurants Eesti","article_modified_time":"2025-02-23T12:26:11+00:00","og_image":[{"url":"https:\/\/balticrest.com\/eesti\/wp-content\/uploads\/sites\/5\/2025\/02\/munad_3d5cb.png","type":"","width":"","height":""}],"twitter_card":"summary_large_image","twitter_misc":{"Estimated reading time":"1 minute"},"schema":{"@context":"https:\/\/schema.org","@graph":[{"@type":"WebPage","@id":"https:\/\/balticrest.com\/eesti\/meist\/subway\/","url":"https:\/\/balticrest.com\/eesti\/meist\/subway\/","name":"Subway - Baltic Restaurants Eesti","isPartOf":{"@id":"https:\/\/balticrest.com\/eesti\/#website"},"primaryImageOfPage":{"@id":"https:\/\/balticrest.com\/eesti\/meist\/subway\/#primaryimage"},"image":{"@id":"https:\/\/balticrest.com\/eesti\/meist\/subway\/#primaryimage"},"thumbnailUrl":"https:\/\/balticrest.com\/eesti\/wp-content\/uploads\/sites\/5\/2025\/02\/munad_3d5cb.png","datePublished":"2025-02-22T12:51:25+00:00","dateModified":"2025-02-23T12:26:11+00:00","breadcrumb":{"@id":"https:\/\/balticrest.com\/eesti\/meist\/subway\/#breadcrumb"},"inLanguage":"en-GB","potentialAction":[{"@type":"ReadAction","target":["https:\/\/balticrest.com\/eesti\/meist\/subway\/"]}]},{"@type":"ImageObject","inLanguage":"en-GB","@id":"https:\/\/balticrest.com\/eesti\/meist\/subway\/#primaryimage","url":"https:\/\/balticrest.com\/eesti\/wp-content\/uploads\/sites\/5\/2025\/02\/munad_3d5cb.png","contentUrl":"https:\/\/balticrest.com\/eesti\/wp-content\/uploads\/sites\/5\/2025\/02\/munad_3d5cb.png","width":536,"height":192},{"@type":"BreadcrumbList","@id":"https:\/\/balticrest.com\/eesti\/meist\/subway\/#breadcrumb","itemListElement":[{"@type":"ListItem","position":1,"name":"Home","item":"https:\/\/balticrest.com\/eesti\/"},{"@type":"ListItem","position":2,"name":"Meist","item":"https:\/\/balticrest.com\/eesti\/meist\/"},{"@type":"ListItem","position":3,"name":"Subway"}]},{"@type":"WebSite","@id":"https:\/\/balticrest.com\/eesti\/#website","url":"https:\/\/balticrest.com\/eesti\/","name":"Baltic Restaurants Eesti","description":"","publisher":{"@id":"https:\/\/balticrest.com\/eesti\/#organization"},"potentialAction":[{"@type":"SearchAction","target":{"@type":"EntryPoint","urlTemplate":"https:\/\/balticrest.com\/eesti\/?s={search_term_string}"},"query-input":{"@type":"PropertyValueSpecification","valueRequired":true,"valueName":"search_term_string"}}],"inLanguage":"en-GB"},{"@type":"Organization","@id":"https:\/\/balticrest.com\/eesti\/#organization","name":"Baltic Restaurants Eesti","url":"https:\/\/balticrest.com\/eesti\/","logo":{"@type":"ImageObject","inLanguage":"en-GB","@id":"https:\/\/balticrest.com\/eesti\/#\/schema\/logo\/image\/","url":"https:\/\/balticrest.com\/eesti\/wp-content\/uploads\/sites\/5\/2025\/02\/BR-Header-Logo-BR.svg","contentUrl":"https:\/\/balticrest.com\/eesti\/wp-content\/uploads\/sites\/5\/2025\/02\/BR-Header-Logo-BR.svg","width":296,"height":27,"caption":"Baltic Restaurants Eesti"},"image":{"@id":"https:\/\/balticrest.com\/eesti\/#\/schema\/logo\/image\/"}}]}},"_links":{"self":[{"href":"https:\/\/balticrest.com\/eesti\/wp-json\/wp\/v2\/pages\/210","targetHints":{"allow":["GET"]}}],"collection":[{"href":"https:\/\/balticrest.com\/eesti\/wp-json\/wp\/v2\/pages"}],"about":[{"href":"https:\/\/balticrest.com\/eesti\/wp-json\/wp\/v2\/types\/page"}],"author":[{"embeddable":true,"href":"https:\/\/balticrest.com\/eesti\/wp-json\/wp\/v2\/users\/1"}],"replies":[{"embeddable":true,"href":"https:\/\/balticrest.com\/eesti\/wp-json\/wp\/v2\/comments?post=210"}],"version-history":[{"count":2,"href":"https:\/\/balticrest.com\/eesti\/wp-json\/wp\/v2\/pages\/210\/revisions"}],"predecessor-version":[{"id":374,"href":"https:\/\/balticrest.com\/eesti\/wp-json\/wp\/v2\/pages\/210\/revisions\/374"}],"up":[{"embeddable":true,"href":"https:\/\/balticrest.com\/eesti\/wp-json\/wp\/v2\/pages\/190"}],"wp:attachment":[{"href":"https:\/\/balticrest.com\/eesti\/wp-json\/wp\/v2\/media?parent=210"}],"curies":[{"name":"wp","href":"https:\/\/api.w.org\/{rel}","templated":true}]}}