{"id":394,"date":"2025-02-23T15:22:08","date_gmt":"2025-02-23T13:22:08","guid":{"rendered":"https:\/\/balticrest.com\/eesti\/?page_id=394"},"modified":"2025-02-25T23:32:27","modified_gmt":"2025-02-25T21:32:27","slug":"lati","status":"publish","type":"page","link":"https:\/\/balticrest.com\/eesti\/kontaktid\/lati\/","title":{"rendered":"L\u00e4ti"},"content":{"rendered":"\n<h2 class=\"wp-block-heading\">Baltic Restaurants b\u00fcroo<\/h2>\n\n\n\n<figure class=\"wp-block-table\"><table class=\"has-fixed-layout\"><tbody><tr><td><img decoding=\"async\" alt=\"Kaart\" src=\"https:\/\/balticrest.com\/eesti\/wp-content\/uploads\/sites\/5\/2025\/02\/Map-Marker-Contacts.svg\"><\/td><td>Elizabetes iela 20, R\u012bga<\/td><td>(+371) 6720 5599<br><a href=\"mailto:info@balticrest.com\">info@balticrest.com<\/a><\/td><td>E-R 09:00-17:00<\/td><td><br>(+371) 2864 5986<\/td><\/tr><\/tbody><\/table><\/figure>\n","protected":false},"excerpt":{"rendered":"<p>Baltic Restaurants b\u00fcroo Elizabetes iela 20, R\u012bga (+371) 6720 5599info@balticrest.com E-R 09:00-17:00 (+371) 2864 5986<\/p>\n","protected":false},"author":1,"featured_media":0,"parent":194,"menu_order":0,"comment_status":"closed","ping_status":"closed","template":"","meta":{"_acf_changed":false,"inline_featured_image":false,"_exactmetrics_skip_tracking":false,"_exactmetrics_sitenote_active":false,"_exactmetrics_sitenote_note":"","_exactmetrics_sitenote_category":0,"footnotes":""},"class_list":["post-394","page","type-page","status-publish","hentry"],"acf":[],"yoast_head":"<!-- This site is optimized with the Yoast SEO plugin v27.4 - https:\/\/yoast.com\/product\/yoast-seo-wordpress\/ -->\n<title>L\u00e4ti - Baltic Restaurants Eesti<\/title>\n<meta name=\"robots\" content=\"index, follow, max-snippet:-1, max-image-preview:large, max-video-preview:-1\" \/>\n<link rel=\"canonical\" href=\"https:\/\/balticrest.com\/eesti\/kontaktid\/lati\/\" \/>\n<meta property=\"og:locale\" content=\"en_GB\" \/>\n<meta property=\"og:type\" content=\"article\" \/>\n<meta property=\"og:title\" content=\"L\u00e4ti - Baltic Restaurants Eesti\" \/>\n<meta property=\"og:description\" content=\"Baltic Restaurants b\u00fcroo Elizabetes iela 20, R\u012bga (+371) 6720 5599info@balticrest.com E-R 09:00-17:00 (+371) 2864 5986\" \/>\n<meta property=\"og:url\" content=\"https:\/\/balticrest.com\/eesti\/kontaktid\/lati\/\" \/>\n<meta property=\"og:site_name\" content=\"Baltic Restaurants Eesti\" \/>\n<meta property=\"article:modified_time\" content=\"2025-02-25T21:32:27+00:00\" \/>\n<meta property=\"og:image\" content=\"https:\/\/balticrest.com\/eesti\/wp-content\/uploads\/sites\/5\/2025\/02\/Map-Marker-Contacts.svg\" \/>\n<meta name=\"twitter:card\" content=\"summary_large_image\" \/>\n<meta name=\"twitter:label1\" content=\"Estimated reading time\" \/>\n\t<meta name=\"twitter:data1\" content=\"1 minute\" \/>\n<script type=\"application\/ld+json\" class=\"yoast-schema-graph\">{\"@context\":\"https:\\\/\\\/schema.org\",\"@graph\":[{\"@type\":\"WebPage\",\"@id\":\"https:\\\/\\\/balticrest.com\\\/eesti\\\/kontaktid\\\/lati\\\/\",\"url\":\"https:\\\/\\\/balticrest.com\\\/eesti\\\/kontaktid\\\/lati\\\/\",\"name\":\"L\u00e4ti - Baltic Restaurants Eesti\",\"isPartOf\":{\"@id\":\"https:\\\/\\\/balticrest.com\\\/eesti\\\/#website\"},\"primaryImageOfPage\":{\"@id\":\"https:\\\/\\\/balticrest.com\\\/eesti\\\/kontaktid\\\/lati\\\/#primaryimage\"},\"image\":{\"@id\":\"https:\\\/\\\/balticrest.com\\\/eesti\\\/kontaktid\\\/lati\\\/#primaryimage\"},\"thumbnailUrl\":\"https:\\\/\\\/balticrest.com\\\/eesti\\\/wp-content\\\/uploads\\\/sites\\\/5\\\/2025\\\/02\\\/Map-Marker-Contacts.svg\",\"datePublished\":\"2025-02-23T13:22:08+00:00\",\"dateModified\":\"2025-02-25T21:32:27+00:00\",\"breadcrumb\":{\"@id\":\"https:\\\/\\\/balticrest.com\\\/eesti\\\/kontaktid\\\/lati\\\/#breadcrumb\"},\"inLanguage\":\"en-GB\",\"potentialAction\":[{\"@type\":\"ReadAction\",\"target\":[\"https:\\\/\\\/balticrest.com\\\/eesti\\\/kontaktid\\\/lati\\\/\"]}]},{\"@type\":\"ImageObject\",\"inLanguage\":\"en-GB\",\"@id\":\"https:\\\/\\\/balticrest.com\\\/eesti\\\/kontaktid\\\/lati\\\/#primaryimage\",\"url\":\"https:\\\/\\\/balticrest.com\\\/eesti\\\/wp-content\\\/uploads\\\/sites\\\/5\\\/2025\\\/02\\\/Map-Marker-Contacts.svg\",\"contentUrl\":\"https:\\\/\\\/balticrest.com\\\/eesti\\\/wp-content\\\/uploads\\\/sites\\\/5\\\/2025\\\/02\\\/Map-Marker-Contacts.svg\",\"width\":13,\"height\":19},{\"@type\":\"BreadcrumbList\",\"@id\":\"https:\\\/\\\/balticrest.com\\\/eesti\\\/kontaktid\\\/lati\\\/#breadcrumb\",\"itemListElement\":[{\"@type\":\"ListItem\",\"position\":1,\"name\":\"Home\",\"item\":\"https:\\\/\\\/balticrest.com\\\/eesti\\\/\"},{\"@type\":\"ListItem\",\"position\":2,\"name\":\"Kontaktid\",\"item\":\"https:\\\/\\\/balticrest.com\\\/eesti\\\/kontaktid\\\/\"},{\"@type\":\"ListItem\",\"position\":3,\"name\":\"L\u00e4ti\"}]},{\"@type\":\"WebSite\",\"@id\":\"https:\\\/\\\/balticrest.com\\\/eesti\\\/#website\",\"url\":\"https:\\\/\\\/balticrest.com\\\/eesti\\\/\",\"name\":\"Baltic Restaurants Eesti\",\"description\":\"\",\"publisher\":{\"@id\":\"https:\\\/\\\/balticrest.com\\\/eesti\\\/#organization\"},\"potentialAction\":[{\"@type\":\"SearchAction\",\"target\":{\"@type\":\"EntryPoint\",\"urlTemplate\":\"https:\\\/\\\/balticrest.com\\\/eesti\\\/?s={search_term_string}\"},\"query-input\":{\"@type\":\"PropertyValueSpecification\",\"valueRequired\":true,\"valueName\":\"search_term_string\"}}],\"inLanguage\":\"en-GB\"},{\"@type\":\"Organization\",\"@id\":\"https:\\\/\\\/balticrest.com\\\/eesti\\\/#organization\",\"name\":\"Baltic Restaurants Eesti\",\"url\":\"https:\\\/\\\/balticrest.com\\\/eesti\\\/\",\"logo\":{\"@type\":\"ImageObject\",\"inLanguage\":\"en-GB\",\"@id\":\"https:\\\/\\\/balticrest.com\\\/eesti\\\/#\\\/schema\\\/logo\\\/image\\\/\",\"url\":\"https:\\\/\\\/balticrest.com\\\/eesti\\\/wp-content\\\/uploads\\\/sites\\\/5\\\/2025\\\/02\\\/BR-Header-Logo-BR.svg\",\"contentUrl\":\"https:\\\/\\\/balticrest.com\\\/eesti\\\/wp-content\\\/uploads\\\/sites\\\/5\\\/2025\\\/02\\\/BR-Header-Logo-BR.svg\",\"width\":296,\"height\":27,\"caption\":\"Baltic Restaurants Eesti\"},\"image\":{\"@id\":\"https:\\\/\\\/balticrest.com\\\/eesti\\\/#\\\/schema\\\/logo\\\/image\\\/\"}}]}<\/script>\n<!-- \/ Yoast SEO plugin. -->","yoast_head_json":{"title":"L\u00e4ti - Baltic Restaurants Eesti","robots":{"index":"index","follow":"follow","max-snippet":"max-snippet:-1","max-image-preview":"max-image-preview:large","max-video-preview":"max-video-preview:-1"},"canonical":"https:\/\/balticrest.com\/eesti\/kontaktid\/lati\/","og_locale":"en_GB","og_type":"article","og_title":"L\u00e4ti - Baltic Restaurants Eesti","og_description":"Baltic Restaurants b\u00fcroo Elizabetes iela 20, R\u012bga (+371) 6720 5599info@balticrest.com E-R 09:00-17:00 (+371) 2864 5986","og_url":"https:\/\/balticrest.com\/eesti\/kontaktid\/lati\/","og_site_name":"Baltic Restaurants Eesti","article_modified_time":"2025-02-25T21:32:27+00:00","og_image":[{"url":"https:\/\/balticrest.com\/eesti\/wp-content\/uploads\/sites\/5\/2025\/02\/Map-Marker-Contacts.svg","type":"","width":"","height":""}],"twitter_card":"summary_large_image","twitter_misc":{"Estimated reading time":"1 minute"},"schema":{"@context":"https:\/\/schema.org","@graph":[{"@type":"WebPage","@id":"https:\/\/balticrest.com\/eesti\/kontaktid\/lati\/","url":"https:\/\/balticrest.com\/eesti\/kontaktid\/lati\/","name":"L\u00e4ti - Baltic Restaurants Eesti","isPartOf":{"@id":"https:\/\/balticrest.com\/eesti\/#website"},"primaryImageOfPage":{"@id":"https:\/\/balticrest.com\/eesti\/kontaktid\/lati\/#primaryimage"},"image":{"@id":"https:\/\/balticrest.com\/eesti\/kontaktid\/lati\/#primaryimage"},"thumbnailUrl":"https:\/\/balticrest.com\/eesti\/wp-content\/uploads\/sites\/5\/2025\/02\/Map-Marker-Contacts.svg","datePublished":"2025-02-23T13:22:08+00:00","dateModified":"2025-02-25T21:32:27+00:00","breadcrumb":{"@id":"https:\/\/balticrest.com\/eesti\/kontaktid\/lati\/#breadcrumb"},"inLanguage":"en-GB","potentialAction":[{"@type":"ReadAction","target":["https:\/\/balticrest.com\/eesti\/kontaktid\/lati\/"]}]},{"@type":"ImageObject","inLanguage":"en-GB","@id":"https:\/\/balticrest.com\/eesti\/kontaktid\/lati\/#primaryimage","url":"https:\/\/balticrest.com\/eesti\/wp-content\/uploads\/sites\/5\/2025\/02\/Map-Marker-Contacts.svg","contentUrl":"https:\/\/balticrest.com\/eesti\/wp-content\/uploads\/sites\/5\/2025\/02\/Map-Marker-Contacts.svg","width":13,"height":19},{"@type":"BreadcrumbList","@id":"https:\/\/balticrest.com\/eesti\/kontaktid\/lati\/#breadcrumb","itemListElement":[{"@type":"ListItem","position":1,"name":"Home","item":"https:\/\/balticrest.com\/eesti\/"},{"@type":"ListItem","position":2,"name":"Kontaktid","item":"https:\/\/balticrest.com\/eesti\/kontaktid\/"},{"@type":"ListItem","position":3,"name":"L\u00e4ti"}]},{"@type":"WebSite","@id":"https:\/\/balticrest.com\/eesti\/#website","url":"https:\/\/balticrest.com\/eesti\/","name":"Baltic Restaurants Eesti","description":"","publisher":{"@id":"https:\/\/balticrest.com\/eesti\/#organization"},"potentialAction":[{"@type":"SearchAction","target":{"@type":"EntryPoint","urlTemplate":"https:\/\/balticrest.com\/eesti\/?s={search_term_string}"},"query-input":{"@type":"PropertyValueSpecification","valueRequired":true,"valueName":"search_term_string"}}],"inLanguage":"en-GB"},{"@type":"Organization","@id":"https:\/\/balticrest.com\/eesti\/#organization","name":"Baltic Restaurants Eesti","url":"https:\/\/balticrest.com\/eesti\/","logo":{"@type":"ImageObject","inLanguage":"en-GB","@id":"https:\/\/balticrest.com\/eesti\/#\/schema\/logo\/image\/","url":"https:\/\/balticrest.com\/eesti\/wp-content\/uploads\/sites\/5\/2025\/02\/BR-Header-Logo-BR.svg","contentUrl":"https:\/\/balticrest.com\/eesti\/wp-content\/uploads\/sites\/5\/2025\/02\/BR-Header-Logo-BR.svg","width":296,"height":27,"caption":"Baltic Restaurants Eesti"},"image":{"@id":"https:\/\/balticrest.com\/eesti\/#\/schema\/logo\/image\/"}}]}},"_links":{"self":[{"href":"https:\/\/balticrest.com\/eesti\/wp-json\/wp\/v2\/pages\/394","targetHints":{"allow":["GET"]}}],"collection":[{"href":"https:\/\/balticrest.com\/eesti\/wp-json\/wp\/v2\/pages"}],"about":[{"href":"https:\/\/balticrest.com\/eesti\/wp-json\/wp\/v2\/types\/page"}],"author":[{"embeddable":true,"href":"https:\/\/balticrest.com\/eesti\/wp-json\/wp\/v2\/users\/1"}],"replies":[{"embeddable":true,"href":"https:\/\/balticrest.com\/eesti\/wp-json\/wp\/v2\/comments?post=394"}],"version-history":[{"count":3,"href":"https:\/\/balticrest.com\/eesti\/wp-json\/wp\/v2\/pages\/394\/revisions"}],"predecessor-version":[{"id":1937,"href":"https:\/\/balticrest.com\/eesti\/wp-json\/wp\/v2\/pages\/394\/revisions\/1937"}],"up":[{"embeddable":true,"href":"https:\/\/balticrest.com\/eesti\/wp-json\/wp\/v2\/pages\/194"}],"wp:attachment":[{"href":"https:\/\/balticrest.com\/eesti\/wp-json\/wp\/v2\/media?parent=394"}],"curies":[{"name":"wp","href":"https:\/\/api.w.org\/{rel}","templated":true}]}}