{"id":7,"date":"2025-02-21T17:19:48","date_gmt":"2025-02-21T17:19:48","guid":{"rendered":"https:\/\/balticrest.com\/eesti\/?page_id=7"},"modified":"2026-03-11T12:27:10","modified_gmt":"2026-03-11T10:27:10","slug":"kodu","status":"publish","type":"page","link":"https:\/\/balticrest.com\/eesti\/","title":{"rendered":"Baltic Restaurants"},"content":{"rendered":"\n<div class=\"wp-block-columns is-layout-flex wp-container-core-columns-is-layout-28f84493 wp-block-columns-is-layout-flex\">\n<div class=\"wp-block-column is-layout-flow wp-block-column-is-layout-flow\" style=\"flex-basis:76.66%\">\n<p>T\u00e4isv\u00e4\u00e4rtusliku ja maitsva toidu pakkumine 110 tuhandele inimesele p\u00e4evast p\u00e4eva on \u00fchtlasi nii vastutus kui t\u00f5eline heameel.<\/p>\n\n\n\n<p>Veerandsajandi jooksul oleme kuulanud ja \u00f5ppinud, t\u00fckeldanud ja seganud, keetnud ja praadinud, et saaksime igale meie k\u00fclastajale pakkuda just tema maitsesoovidele ja toitumisvajadustele vastavat igap\u00e4evast einet. T\u00e4nu enam kui 2200 professionaalsele t\u00f6\u00f6tajale teeme me edukalt oma t\u00f6\u00f6d enam kui 420 l\u00f5unarestoranis, s\u00f6\u00f6klas ja kohvikus, samuti bankettidel ja v\u00e4ljas\u00f5itudel Eestis ning L\u00e4tis&nbsp;ning oleme saanud Baltimaade juhtivaks toitlustusettev\u00f5tteks haridus- ja riigiasutustes ning ettev\u00f5tetes.<\/p>\n\n\n\n<p>Baltic Restaurants Estonia privaatsuspoliitika leiad <a href=\"https:\/\/balticrest.com\/eesti\/wp-content\/uploads\/sites\/5\/2025\/02\/privaatsuspoliitika_ja_oigustatud_huvi_01_2023.pdf\" target=\"_blank\" rel=\"noreferrer noopener\">siit<\/a><\/p>\n\n\n\n<p>Baltic Restaurants: vastutustundlikkuse ja j\u00e4tkusuutlikkuse kohta saad lugeda <a href=\"https:\/\/balticrest.com\/eesti\/wp-content\/uploads\/sites\/5\/2026\/01\/Baltic-Restaurants_-Vastutustundlikkus-ja-jatkusuutlikkus.pdf\">siit<\/a><\/p>\n<\/div>\n\n\n\n<div class=\"wp-block-column is-layout-flow wp-block-column-is-layout-flow\" style=\"flex-basis:23.33%\">\n<figure class=\"wp-block-image aligncenter size-full\"><img fetchpriority=\"high\" decoding=\"async\" width=\"808\" height=\"454\" src=\"https:\/\/balticrest.com\/eesti\/wp-content\/uploads\/sites\/5\/2025\/02\/1_hobemargis_eac4d.png\" alt=\"\" class=\"wp-image-328\" srcset=\"https:\/\/balticrest.com\/eesti\/wp-content\/uploads\/sites\/5\/2025\/02\/1_hobemargis_eac4d.png 808w, https:\/\/balticrest.com\/eesti\/wp-content\/uploads\/sites\/5\/2025\/02\/1_hobemargis_eac4d-300x169.png 300w, https:\/\/balticrest.com\/eesti\/wp-content\/uploads\/sites\/5\/2025\/02\/1_hobemargis_eac4d-768x432.png 768w\" sizes=\"(max-width: 808px) 100vw, 808px\" \/><\/figure>\n\n\n\n<figure class=\"wp-block-gallery has-nested-images columns-default is-cropped wp-block-gallery-1 is-layout-flex wp-block-gallery-is-layout-flex\">\n<figure class=\"wp-block-image size-large\"><img decoding=\"async\" width=\"601\" height=\"800\" data-id=\"2222\" src=\"https:\/\/balticrest.com\/eesti\/wp-content\/uploads\/sites\/5\/2026\/03\/munad.png\" alt=\"\" class=\"wp-image-2222\" srcset=\"https:\/\/balticrest.com\/eesti\/wp-content\/uploads\/sites\/5\/2026\/03\/munad.png 601w, https:\/\/balticrest.com\/eesti\/wp-content\/uploads\/sites\/5\/2026\/03\/munad-225x300.png 225w\" sizes=\"(max-width: 601px) 100vw, 601px\" \/><\/figure>\n<\/figure>\n\n\n\n<figure class=\"wp-block-image aligncenter size-full\"><img decoding=\"async\" width=\"159\" height=\"200\" src=\"https:\/\/balticrest.com\/eesti\/wp-content\/uploads\/sites\/5\/2025\/02\/3_green_key_logo_with_text.jpg\" alt=\"\" class=\"wp-image-330\" \/><\/figure>\n\n\n\n<figure class=\"wp-block-image aligncenter size-full\"><img loading=\"lazy\" decoding=\"async\" width=\"200\" height=\"200\" src=\"https:\/\/balticrest.com\/eesti\/wp-content\/uploads\/sites\/5\/2025\/02\/4_riigikaitsjate_toetja_tunnustus_pronkstaseme_margis.png\" alt=\"\" class=\"wp-image-331\" srcset=\"https:\/\/balticrest.com\/eesti\/wp-content\/uploads\/sites\/5\/2025\/02\/4_riigikaitsjate_toetja_tunnustus_pronkstaseme_margis.png 200w, https:\/\/balticrest.com\/eesti\/wp-content\/uploads\/sites\/5\/2025\/02\/4_riigikaitsjate_toetja_tunnustus_pronkstaseme_margis-150x150.png 150w\" sizes=\"(max-width: 200px) 100vw, 200px\" \/><\/figure>\n<\/div>\n<\/div>\n","protected":false},"excerpt":{"rendered":"<p>T\u00e4isv\u00e4\u00e4rtusliku ja maitsva toidu pakkumine 110 tuhandele inimesele p\u00e4evast p\u00e4eva on \u00fchtlasi nii vastutus kui t\u00f5eline heameel. Veerandsajandi jooksul oleme kuulanud ja \u00f5ppinud, t\u00fckeldanud ja seganud, keetnud ja praadinud, et saaksime igale meie k\u00fclastajale pakkuda just tema maitsesoovidele ja toitumisvajadustele vastavat igap\u00e4evast einet. T\u00e4nu enam kui 2200 professionaalsele t\u00f6\u00f6tajale teeme me edukalt oma t\u00f6\u00f6d enam [&hellip;]<\/p>\n","protected":false},"author":1,"featured_media":0,"parent":0,"menu_order":0,"comment_status":"closed","ping_status":"closed","template":"","meta":{"_acf_changed":false,"inline_featured_image":false,"_exactmetrics_skip_tracking":false,"_exactmetrics_sitenote_active":false,"_exactmetrics_sitenote_note":"","_exactmetrics_sitenote_category":0,"footnotes":""},"class_list":["post-7","page","type-page","status-publish","hentry"],"acf":[],"yoast_head":"<!-- This site is optimized with the Yoast SEO plugin v27.4 - https:\/\/yoast.com\/product\/yoast-seo-wordpress\/ -->\n<title>Baltic Restaurants - Baltic Restaurants Eesti<\/title>\n<meta name=\"robots\" content=\"index, follow, max-snippet:-1, max-image-preview:large, max-video-preview:-1\" \/>\n<link rel=\"canonical\" href=\"https:\/\/balticrest.com\/eesti\/\" \/>\n<meta property=\"og:locale\" content=\"en_GB\" \/>\n<meta property=\"og:type\" content=\"article\" \/>\n<meta property=\"og:title\" content=\"Baltic Restaurants - Baltic Restaurants Eesti\" \/>\n<meta property=\"og:description\" content=\"T\u00e4isv\u00e4\u00e4rtusliku ja maitsva toidu pakkumine 110 tuhandele inimesele p\u00e4evast p\u00e4eva on \u00fchtlasi nii vastutus kui t\u00f5eline heameel. Veerandsajandi jooksul oleme kuulanud ja \u00f5ppinud, t\u00fckeldanud ja seganud, keetnud ja praadinud, et saaksime igale meie k\u00fclastajale pakkuda just tema maitsesoovidele ja toitumisvajadustele vastavat igap\u00e4evast einet. T\u00e4nu enam kui 2200 professionaalsele t\u00f6\u00f6tajale teeme me edukalt oma t\u00f6\u00f6d enam [&hellip;]\" \/>\n<meta property=\"og:url\" content=\"https:\/\/balticrest.com\/eesti\/\" \/>\n<meta property=\"og:site_name\" content=\"Baltic Restaurants Eesti\" \/>\n<meta property=\"article:modified_time\" content=\"2026-03-11T10:27:10+00:00\" \/>\n<meta property=\"og:image\" content=\"https:\/\/balticrest.com\/eesti\/wp-content\/uploads\/sites\/5\/2025\/02\/1_hobemargis_eac4d.png\" \/>\n\t<meta property=\"og:image:width\" content=\"808\" \/>\n\t<meta property=\"og:image:height\" content=\"454\" \/>\n\t<meta property=\"og:image:type\" content=\"image\/png\" \/>\n<meta name=\"twitter:card\" content=\"summary_large_image\" \/>\n<meta name=\"twitter:label1\" content=\"Estimated reading time\" \/>\n\t<meta name=\"twitter:data1\" content=\"2 minutes\" \/>\n<script type=\"application\/ld+json\" class=\"yoast-schema-graph\">{\"@context\":\"https:\\\/\\\/schema.org\",\"@graph\":[{\"@type\":\"WebPage\",\"@id\":\"https:\\\/\\\/balticrest.com\\\/eesti\\\/\",\"url\":\"https:\\\/\\\/balticrest.com\\\/eesti\\\/\",\"name\":\"Baltic Restaurants - Baltic Restaurants Eesti\",\"isPartOf\":{\"@id\":\"https:\\\/\\\/balticrest.com\\\/eesti\\\/#website\"},\"primaryImageOfPage\":{\"@id\":\"https:\\\/\\\/balticrest.com\\\/eesti\\\/#primaryimage\"},\"image\":{\"@id\":\"https:\\\/\\\/balticrest.com\\\/eesti\\\/#primaryimage\"},\"thumbnailUrl\":\"https:\\\/\\\/balticrest.com\\\/eesti\\\/wp-content\\\/uploads\\\/sites\\\/5\\\/2025\\\/02\\\/1_hobemargis_eac4d.png\",\"datePublished\":\"2025-02-21T17:19:48+00:00\",\"dateModified\":\"2026-03-11T10:27:10+00:00\",\"breadcrumb\":{\"@id\":\"https:\\\/\\\/balticrest.com\\\/eesti\\\/#breadcrumb\"},\"inLanguage\":\"en-GB\",\"potentialAction\":[{\"@type\":\"ReadAction\",\"target\":[\"https:\\\/\\\/balticrest.com\\\/eesti\\\/\"]}]},{\"@type\":\"ImageObject\",\"inLanguage\":\"en-GB\",\"@id\":\"https:\\\/\\\/balticrest.com\\\/eesti\\\/#primaryimage\",\"url\":\"https:\\\/\\\/balticrest.com\\\/eesti\\\/wp-content\\\/uploads\\\/sites\\\/5\\\/2025\\\/02\\\/1_hobemargis_eac4d.png\",\"contentUrl\":\"https:\\\/\\\/balticrest.com\\\/eesti\\\/wp-content\\\/uploads\\\/sites\\\/5\\\/2025\\\/02\\\/1_hobemargis_eac4d.png\",\"width\":808,\"height\":454},{\"@type\":\"BreadcrumbList\",\"@id\":\"https:\\\/\\\/balticrest.com\\\/eesti\\\/#breadcrumb\",\"itemListElement\":[{\"@type\":\"ListItem\",\"position\":1,\"name\":\"Home\",\"item\":\"https:\\\/\\\/balticrest.com\\\/eesti\\\/\"},{\"@type\":\"ListItem\",\"position\":2,\"name\":\"Baltic Restaurants\"}]},{\"@type\":\"WebSite\",\"@id\":\"https:\\\/\\\/balticrest.com\\\/eesti\\\/#website\",\"url\":\"https:\\\/\\\/balticrest.com\\\/eesti\\\/\",\"name\":\"Baltic Restaurants Eesti\",\"description\":\"\",\"publisher\":{\"@id\":\"https:\\\/\\\/balticrest.com\\\/eesti\\\/#organization\"},\"potentialAction\":[{\"@type\":\"SearchAction\",\"target\":{\"@type\":\"EntryPoint\",\"urlTemplate\":\"https:\\\/\\\/balticrest.com\\\/eesti\\\/?s={search_term_string}\"},\"query-input\":{\"@type\":\"PropertyValueSpecification\",\"valueRequired\":true,\"valueName\":\"search_term_string\"}}],\"inLanguage\":\"en-GB\"},{\"@type\":\"Organization\",\"@id\":\"https:\\\/\\\/balticrest.com\\\/eesti\\\/#organization\",\"name\":\"Baltic Restaurants Eesti\",\"url\":\"https:\\\/\\\/balticrest.com\\\/eesti\\\/\",\"logo\":{\"@type\":\"ImageObject\",\"inLanguage\":\"en-GB\",\"@id\":\"https:\\\/\\\/balticrest.com\\\/eesti\\\/#\\\/schema\\\/logo\\\/image\\\/\",\"url\":\"https:\\\/\\\/balticrest.com\\\/eesti\\\/wp-content\\\/uploads\\\/sites\\\/5\\\/2025\\\/02\\\/BR-Header-Logo-BR.svg\",\"contentUrl\":\"https:\\\/\\\/balticrest.com\\\/eesti\\\/wp-content\\\/uploads\\\/sites\\\/5\\\/2025\\\/02\\\/BR-Header-Logo-BR.svg\",\"width\":296,\"height\":27,\"caption\":\"Baltic Restaurants Eesti\"},\"image\":{\"@id\":\"https:\\\/\\\/balticrest.com\\\/eesti\\\/#\\\/schema\\\/logo\\\/image\\\/\"}}]}<\/script>\n<!-- \/ Yoast SEO plugin. -->","yoast_head_json":{"title":"Baltic Restaurants - Baltic Restaurants Eesti","robots":{"index":"index","follow":"follow","max-snippet":"max-snippet:-1","max-image-preview":"max-image-preview:large","max-video-preview":"max-video-preview:-1"},"canonical":"https:\/\/balticrest.com\/eesti\/","og_locale":"en_GB","og_type":"article","og_title":"Baltic Restaurants - Baltic Restaurants Eesti","og_description":"T\u00e4isv\u00e4\u00e4rtusliku ja maitsva toidu pakkumine 110 tuhandele inimesele p\u00e4evast p\u00e4eva on \u00fchtlasi nii vastutus kui t\u00f5eline heameel. Veerandsajandi jooksul oleme kuulanud ja \u00f5ppinud, t\u00fckeldanud ja seganud, keetnud ja praadinud, et saaksime igale meie k\u00fclastajale pakkuda just tema maitsesoovidele ja toitumisvajadustele vastavat igap\u00e4evast einet. T\u00e4nu enam kui 2200 professionaalsele t\u00f6\u00f6tajale teeme me edukalt oma t\u00f6\u00f6d enam [&hellip;]","og_url":"https:\/\/balticrest.com\/eesti\/","og_site_name":"Baltic Restaurants Eesti","article_modified_time":"2026-03-11T10:27:10+00:00","og_image":[{"width":808,"height":454,"url":"https:\/\/balticrest.com\/eesti\/wp-content\/uploads\/sites\/5\/2025\/02\/1_hobemargis_eac4d.png","type":"image\/png"}],"twitter_card":"summary_large_image","twitter_misc":{"Estimated reading time":"2 minutes"},"schema":{"@context":"https:\/\/schema.org","@graph":[{"@type":"WebPage","@id":"https:\/\/balticrest.com\/eesti\/","url":"https:\/\/balticrest.com\/eesti\/","name":"Baltic Restaurants - Baltic Restaurants Eesti","isPartOf":{"@id":"https:\/\/balticrest.com\/eesti\/#website"},"primaryImageOfPage":{"@id":"https:\/\/balticrest.com\/eesti\/#primaryimage"},"image":{"@id":"https:\/\/balticrest.com\/eesti\/#primaryimage"},"thumbnailUrl":"https:\/\/balticrest.com\/eesti\/wp-content\/uploads\/sites\/5\/2025\/02\/1_hobemargis_eac4d.png","datePublished":"2025-02-21T17:19:48+00:00","dateModified":"2026-03-11T10:27:10+00:00","breadcrumb":{"@id":"https:\/\/balticrest.com\/eesti\/#breadcrumb"},"inLanguage":"en-GB","potentialAction":[{"@type":"ReadAction","target":["https:\/\/balticrest.com\/eesti\/"]}]},{"@type":"ImageObject","inLanguage":"en-GB","@id":"https:\/\/balticrest.com\/eesti\/#primaryimage","url":"https:\/\/balticrest.com\/eesti\/wp-content\/uploads\/sites\/5\/2025\/02\/1_hobemargis_eac4d.png","contentUrl":"https:\/\/balticrest.com\/eesti\/wp-content\/uploads\/sites\/5\/2025\/02\/1_hobemargis_eac4d.png","width":808,"height":454},{"@type":"BreadcrumbList","@id":"https:\/\/balticrest.com\/eesti\/#breadcrumb","itemListElement":[{"@type":"ListItem","position":1,"name":"Home","item":"https:\/\/balticrest.com\/eesti\/"},{"@type":"ListItem","position":2,"name":"Baltic Restaurants"}]},{"@type":"WebSite","@id":"https:\/\/balticrest.com\/eesti\/#website","url":"https:\/\/balticrest.com\/eesti\/","name":"Baltic Restaurants Eesti","description":"","publisher":{"@id":"https:\/\/balticrest.com\/eesti\/#organization"},"potentialAction":[{"@type":"SearchAction","target":{"@type":"EntryPoint","urlTemplate":"https:\/\/balticrest.com\/eesti\/?s={search_term_string}"},"query-input":{"@type":"PropertyValueSpecification","valueRequired":true,"valueName":"search_term_string"}}],"inLanguage":"en-GB"},{"@type":"Organization","@id":"https:\/\/balticrest.com\/eesti\/#organization","name":"Baltic Restaurants Eesti","url":"https:\/\/balticrest.com\/eesti\/","logo":{"@type":"ImageObject","inLanguage":"en-GB","@id":"https:\/\/balticrest.com\/eesti\/#\/schema\/logo\/image\/","url":"https:\/\/balticrest.com\/eesti\/wp-content\/uploads\/sites\/5\/2025\/02\/BR-Header-Logo-BR.svg","contentUrl":"https:\/\/balticrest.com\/eesti\/wp-content\/uploads\/sites\/5\/2025\/02\/BR-Header-Logo-BR.svg","width":296,"height":27,"caption":"Baltic Restaurants Eesti"},"image":{"@id":"https:\/\/balticrest.com\/eesti\/#\/schema\/logo\/image\/"}}]}},"_links":{"self":[{"href":"https:\/\/balticrest.com\/eesti\/wp-json\/wp\/v2\/pages\/7","targetHints":{"allow":["GET"]}}],"collection":[{"href":"https:\/\/balticrest.com\/eesti\/wp-json\/wp\/v2\/pages"}],"about":[{"href":"https:\/\/balticrest.com\/eesti\/wp-json\/wp\/v2\/types\/page"}],"author":[{"embeddable":true,"href":"https:\/\/balticrest.com\/eesti\/wp-json\/wp\/v2\/users\/1"}],"replies":[{"embeddable":true,"href":"https:\/\/balticrest.com\/eesti\/wp-json\/wp\/v2\/comments?post=7"}],"version-history":[{"count":11,"href":"https:\/\/balticrest.com\/eesti\/wp-json\/wp\/v2\/pages\/7\/revisions"}],"predecessor-version":[{"id":2223,"href":"https:\/\/balticrest.com\/eesti\/wp-json\/wp\/v2\/pages\/7\/revisions\/2223"}],"wp:attachment":[{"href":"https:\/\/balticrest.com\/eesti\/wp-json\/wp\/v2\/media?parent=7"}],"curies":[{"name":"wp","href":"https:\/\/api.w.org\/{rel}","templated":true}]}}